{"id":1101,"date":"2020-12-29T10:06:37","date_gmt":"2020-12-29T12:06:37","guid":{"rendered":"http:\/\/mif.vu.lt\/matematikos-olimpiados\/?page_id=1101"},"modified":"2026-04-15T14:13:37","modified_gmt":"2026-04-15T11:13:37","slug":"ljmm","status":"publish","type":"page","link":"https:\/\/www4352.vu.lt\/matematikos-olimpiados\/ljmm\/","title":{"rendered":"LJMM"},"content":{"rendered":"<p class=\"has-text-align-left has-background has-small-font-size\" style=\"background-color: #ffee70;\"><strong>Lietuvos jaun\u0173j\u0173 matematik\u0173 mokyklos adresas:<\/strong><img loading=\"lazy\" decoding=\"async\" class=\" wp-image-1111 alignright\" src=\"https:\/\/mif.vu.lt\/matematikos-olimpiados\/wp-content\/uploads\/2020\/12\/ljmmpeleda2.jpg\" alt=\"\" width=\"150\" height=\"147\" srcset=\"https:\/\/www4352.vu.lt\/matematikos-olimpiados\/wp-content\/uploads\/2020\/12\/ljmmpeleda2.jpg 410w, https:\/\/www4352.vu.lt\/matematikos-olimpiados\/wp-content\/uploads\/2020\/12\/ljmmpeleda2-300x293.jpg 300w\" sizes=\"auto, (max-width: 150px) 100vw, 150px\" \/><br \/>\nLJMM, Matematinio \u0161vietimo centras<br \/>\nMatematikos ir informatikos fakultetas<br \/>\nVilniaus universitetas<br \/>\nNaugarduko 24, Vilnius LT-03225<br \/>\n<strong>Tel.:<\/strong> 8-5-2193086<br \/>\n<strong>El. p.:<\/strong> <a href=\"mailto:edmundas.mazetis@mif.vu.lt\">edmundas.mazetis@mif.vu.lt<\/a><\/p>\n<h3><strong>Lietuvos jaun\u0173j\u0173 matematik\u0173 mokykla <\/strong><\/h3>\n<p>LJMM, t\u0119sianti 1969\u20131989 metais veikusios Lietuvos jaun\u0173j\u0173 matematik\u0173 neakivaizdin\u0117s mokyklos darb\u0105, buvo atkurta 1998 m. Nuo 1998 m. Lietuvos jaun\u0173j\u0173 matematik\u0173 mokykl\u0105 baig\u0117 27 laidos \u2013 i\u0161 viso 4861 mokiniai.<br \/>\nMokymasis Lietuvos jaun\u0173j\u0173 matematik\u0173 mokykloje\u00a0yra neakivaizdinis ir trunka dvejus metus.\u00a0<strong>Pri\u0117mimas<\/strong> \u012f LJMM vyksta <strong>rugs\u0117jo m\u0117n<\/strong>. Priimami vidurin\u0117s mokyklos vienuolikt\u0173 klasi\u0173 (arba atitinkam\u0173 gimnazijos klasi\u0173) mokiniai, atsiunt\u0119 stojamosios u\u017eduoties sprendimus ir gav\u0119 teigiam\u0105 \u012fvertinim\u0105.<br \/>\nPla\u010diau apie Mokykl\u0105 skaitykite <a href=\"https:\/\/www4352.vu.lt\/matematikos-olimpiados\/wp-content\/uploads\/2022\/12\/Apie_LJMM.pdf\">\u010dia<\/a>.<\/p>\n<h3><strong>U\u017eduotys<\/strong><\/h3>\n<p><strong>2025\u20132027 mokslo metai<br \/>\n<\/strong><a href=\"https:\/\/www4352.vu.lt\/matematikos-olimpiados\/wp-content\/uploads\/2025\/09\/LJMM-2025-0.pdf\">Stojamoji u\u017eduotis<\/a>. Pareng\u0117 E. Maz\u0117tis. Sprendimus reik\u0117jo i\u0161si\u0173sti iki 2025 m. spalio 23 d.<br \/>\n<a href=\"https:\/\/www4352.vu.lt\/matematikos-olimpiados\/wp-content\/uploads\/2025\/11\/LJMM-2025-1.pdf\">Pirmoji u\u017eduotis<\/a>. Pareng\u0117 V. Stak\u0117nas ir A. Novikas. Sprendimus reik\u0117jo i\u0161si\u0173sti iki 2025 m. gruod\u017eio 15 d.<br \/>\n<a href=\"https:\/\/www4352.vu.lt\/matematikos-olimpiados\/wp-content\/uploads\/2025\/12\/LJMM-2025-2.pdf\">Antroji u\u017eduotis<\/a>. Pareng\u0117 E. Maz\u0117tis. Sprendimus reik\u0117jo i\u0161si\u0173sti iki 2026 m. vasario 2 d.<br \/>\n<a href=\"https:\/\/www4352.vu.lt\/matematikos-olimpiados\/wp-content\/uploads\/2026\/02\/LJMM-2025-3.pdf\">Tre\u010dioji u\u017eduotis<\/a>. Pareng\u0117 A. Apynis. Sprendimus reik\u0117jo i\u0161si\u0173sti iki 2026 m. kovo 20 d.<br \/>\n<a href=\"https:\/\/www4352.vu.lt\/matematikos-olimpiados\/wp-content\/uploads\/2026\/03\/LJMM-2025-4.pdf\">Ketvirtoji u\u017eduotis<\/a>. Pareng\u0117 R. Ka\u0161uba. Sprendimus reikia i\u0161si\u0173sti iki 2026 m. gegu\u017e\u0117s 4 d.<\/p>\n<p><strong><span dir=\"ltr\" role=\"presentation\">L<\/span><span dir=\"ltr\" role=\"presentation\">JMM 2025\u20132027 mokslo met\u0173 programa<\/span><\/strong><span dir=\"ltr\" role=\"presentation\"><strong>: <\/strong><\/span>dalyba su liekana ir liekan\u0173 aritmetika, keturkampiai, trigonometrin\u0117s nelygyb\u0117s, \u017eaidimai su skai\u010diais, lyg\u010di\u0173 sudarymo u\u017edaviniai, piramid\u0117s ir k\u016bgiai, funkcijos i\u0161vestin\u0117s taikymai, tikimyb\u0117s.<\/p>\n<p><strong>Ankstesni\u0173 met\u0173 u\u017eduotys<\/strong>: <a href=\"https:\/\/mif.vu.lt\/matematikos-olimpiados\/ljmm\/archyvas\/\">\u010dia<\/a>.<\/p>\n","protected":false},"excerpt":{"rendered":"<p>Lietuvos jaun\u0173j\u0173 matematik\u0173 mokyklos adresas: LJMM, Matematinio \u0161vietimo centras Matematikos ir informatikos fakultetas Vilniaus universitetas Naugarduko 24, Vilnius LT-03225 Tel.: 8-5-2193086 El. p.: edmundas.mazetis@mif.vu.lt Lietuvos jaun\u0173j\u0173 matematik\u0173 mokykla LJMM, t\u0119sianti 1969\u20131989 metais veikusios Lietuvos jaun\u0173j\u0173 matematik\u0173 neakivaizdin\u0117s mokyklos darb\u0105, buvo atkurta 1998 m. Nuo 1998 m. Lietuvos jaun\u0173j\u0173 matematik\u0173 mokykl\u0105 baig\u0117 27 laidos \u2013 i\u0161 [&hellip;]<\/p>\n","protected":false},"author":3,"featured_media":1111,"parent":0,"menu_order":0,"comment_status":"closed","ping_status":"closed","template":"","meta":{"footnotes":""},"class_list":["post-1101","page","type-page","status-publish","has-post-thumbnail","hentry"],"_links":{"self":[{"href":"https:\/\/www4352.vu.lt\/matematikos-olimpiados\/wp-json\/wp\/v2\/pages\/1101","targetHints":{"allow":["GET"]}}],"collection":[{"href":"https:\/\/www4352.vu.lt\/matematikos-olimpiados\/wp-json\/wp\/v2\/pages"}],"about":[{"href":"https:\/\/www4352.vu.lt\/matematikos-olimpiados\/wp-json\/wp\/v2\/types\/page"}],"author":[{"embeddable":true,"href":"https:\/\/www4352.vu.lt\/matematikos-olimpiados\/wp-json\/wp\/v2\/users\/3"}],"replies":[{"embeddable":true,"href":"https:\/\/www4352.vu.lt\/matematikos-olimpiados\/wp-json\/wp\/v2\/comments?post=1101"}],"version-history":[{"count":65,"href":"https:\/\/www4352.vu.lt\/matematikos-olimpiados\/wp-json\/wp\/v2\/pages\/1101\/revisions"}],"predecessor-version":[{"id":2112,"href":"https:\/\/www4352.vu.lt\/matematikos-olimpiados\/wp-json\/wp\/v2\/pages\/1101\/revisions\/2112"}],"wp:featuredmedia":[{"embeddable":true,"href":"https:\/\/www4352.vu.lt\/matematikos-olimpiados\/wp-json\/wp\/v2\/media\/1111"}],"wp:attachment":[{"href":"https:\/\/www4352.vu.lt\/matematikos-olimpiados\/wp-json\/wp\/v2\/media?parent=1101"}],"curies":[{"name":"wp","href":"https:\/\/api.w.org\/{rel}","templated":true}]}}