{"id":1133,"date":"2021-01-15T17:47:29","date_gmt":"2021-01-15T19:47:29","guid":{"rendered":"http:\/\/mif.vu.lt\/matematikos-olimpiados\/?page_id=1133"},"modified":"2025-05-30T16:35:19","modified_gmt":"2025-05-30T13:35:19","slug":"archyvas","status":"publish","type":"page","link":"https:\/\/www4352.vu.lt\/matematikos-olimpiados\/ljmm\/archyvas\/","title":{"rendered":"LJMM u\u017eduo\u010di\u0173 archyvas"},"content":{"rendered":"<p><strong>LJMM u\u017eduo\u010di\u0173 ir sprendim\u0173 knygel\u0117s<\/strong>:\u00a0\u00a0\u00a0\u00a0\u00a0 <a href=\"https:\/\/www4352.vu.lt\/matematikos-olimpiados\/wp-content\/uploads\/2021\/01\/1-KNYGA.pdf\">I knyga<\/a> \u00a0 \u00a0\u00a0 <a href=\"https:\/\/www4352.vu.lt\/matematikos-olimpiados\/wp-content\/uploads\/2021\/01\/2-KNYGA.pdf\">II knyga<\/a> \u00a0\u00a0 \u00a0 <a href=\"https:\/\/www4352.vu.lt\/matematikos-olimpiados\/wp-content\/uploads\/2021\/01\/3-KNYGA.pdf\">III knyga<\/a> \u00a0\u00a0 \u00a0 <a href=\"https:\/\/www4352.vu.lt\/matematikos-olimpiados\/wp-content\/uploads\/2021\/01\/4-KNYGA.pdf\">IV knyga<\/a> \u00a0\u00a0 \u00a0 <a href=\"https:\/\/www4352.vu.lt\/matematikos-olimpiados\/wp-content\/uploads\/2021\/01\/5-KNYGA.pdf\">V knyga<\/a> \u00a0\u00a0 \u00a0 <a href=\"https:\/\/www4352.vu.lt\/matematikos-olimpiados\/wp-content\/uploads\/2021\/01\/6-KNYGA.pdf\">VI knyga<\/a> \u00a0\u00a0 \u00a0 <a href=\"https:\/\/www4352.vu.lt\/matematikos-olimpiados\/wp-content\/uploads\/2021\/01\/7-KNYGA.pdf\">VII knyga<\/a> \u00a0\u00a0 \u00a0 <a href=\"https:\/\/www4352.vu.lt\/matematikos-olimpiados\/wp-content\/uploads\/2021\/01\/8-KNYGA.pdf\">VIII knyga<\/a> \u00a0\u00a0 \u00a0 <a href=\"https:\/\/www4352.vu.lt\/matematikos-olimpiados\/wp-content\/uploads\/2021\/01\/9-KNYGA.pdf\">IX knyga<\/a> \u00a0\u00a0 \u00a0 <a href=\"https:\/\/www4352.vu.lt\/matematikos-olimpiados\/wp-content\/uploads\/2021\/01\/10-KNYGA.pdf\">X knyga<\/a> \u00a0\u00a0 \u00a0 <a href=\"https:\/\/www4352.vu.lt\/matematikos-olimpiados\/wp-content\/uploads\/2021\/01\/11-KNYGA.pdf\">XI knyga<\/a> \u00a0\u00a0 \u00a0 <a href=\"https:\/\/www4352.vu.lt\/matematikos-olimpiados\/wp-content\/uploads\/2021\/01\/12-KNYGA.pdf\">XII knyga<\/a> \u00a0\u00a0 \u00a0 <a href=\"https:\/\/www4352.vu.lt\/matematikos-olimpiados\/wp-content\/uploads\/2021\/01\/13-KNYGA.pdf\">XIII knyga<\/a> \u00a0\u00a0 \u00a0 <a href=\"https:\/\/www4352.vu.lt\/matematikos-olimpiados\/wp-content\/uploads\/2021\/01\/14-KNYGA.pdf\">XIV knyga<\/a> \u00a0\u00a0 \u00a0 <a href=\"https:\/\/www4352.vu.lt\/matematikos-olimpiados\/wp-content\/uploads\/2021\/01\/15-KNYGA.pdf\">XV knyga<\/a> \u00a0 \u00a0\u00a0 <a href=\"https:\/\/www4352.vu.lt\/matematikos-olimpiados\/wp-content\/uploads\/2021\/01\/16-KNYGA.pdf\">XVI knyga<\/a> \u00a0\u00a0 \u00a0 <a href=\"https:\/\/www4352.vu.lt\/matematikos-olimpiados\/wp-content\/uploads\/2021\/01\/17-KNYGA.pdf\">XVII knyga<\/a> \u00a0 \u00a0\u00a0 <a href=\"https:\/\/www4352.vu.lt\/matematikos-olimpiados\/wp-content\/uploads\/2022\/02\/18-KNYGA.pdf\">XVIII knyga<\/a> \u00a0 \u00a0 \u00a0<a href=\"https:\/\/www4352.vu.lt\/matematikos-olimpiados\/wp-content\/uploads\/2022\/02\/19-KNYGA.pdf\">XIX knyga<\/a> \u00a0 \u00a0\u00a0 <a href=\"https:\/\/www4352.vu.lt\/matematikos-olimpiados\/wp-content\/uploads\/2022\/02\/20-KNYGA.zip\">XX knyga<\/a> \u00a0 \u00a0\u00a0 <a href=\"https:\/\/www4352.vu.lt\/matematikos-olimpiados\/wp-content\/uploads\/2022\/02\/21-KNYGA.pdf\">XXI knyga<\/a> \u00a0\u00a0 \u00a0 <a href=\"https:\/\/www4352.vu.lt\/matematikos-olimpiados\/wp-content\/uploads\/2022\/02\/22-KNYGA.pdf\">XXII knyga<\/a> \u00a0 \u00a0\u00a0 <a href=\"https:\/\/www4352.vu.lt\/matematikos-olimpiados\/wp-content\/uploads\/2022\/04\/23-KNYGA.pdf\">XXIII knyga<\/a> \u00a0 \u00a0\u00a0 <a href=\"https:\/\/www4352.vu.lt\/matematikos-olimpiados\/wp-content\/uploads\/2023\/04\/24-KNYGA.pdf\">XXIV knyga<\/a> \u00a0 \u00a0\u00a0 <a href=\"https:\/\/www4352.vu.lt\/matematikos-olimpiados\/wp-content\/uploads\/2024\/04\/25-KNYGA.pdf\">XXV knyga<\/a> \u00a0 \u00a0\u00a0 <a href=\"https:\/\/www4352.vu.lt\/matematikos-olimpiados\/wp-content\/uploads\/2025\/04\/26-KNYGA.pdf\">XXVI knyga<\/a><\/p>\n<p><strong>1998\u20132000 m., &#8230;, 2023\u20132025 mokslo met\u0173 <a href=\"https:\/\/www4352.vu.lt\/matematikos-olimpiados\/wp-content\/uploads\/2025\/05\/LJMMtemos.pdf\">programos<\/a> (I\u2013XXVI knygos)<\/strong><\/p>\n<p><strong>2019\u20132021 mokslo met\u0173 programa<\/strong>: 1) kelioni\u0173 u\u017edaviniai; 2) tiesini\u0173 lyg\u010di\u0173 sistemos; 3) taisyklingieji daugiakampiai; 4) netiesini\u0173 lyg\u010di\u0173 sistemos; 5) stereometrijos u\u017edaviniai; 6) logaritmai; 7) kombinatorika ir tikimyb\u0117s; 8) skai\u010diai, lygtys, langeliai bei lentel\u0117s.<\/p>\n<p><strong>2020\u20132022 mokslo met\u0173 programa<\/strong>: 1) darbo u\u017edaviniai; 2) trikampi\u0173 pana\u0161umas ir Talio teorema; 3) lyg\u010di\u0173 sistemos; 4) Niutono binomas; 5) vektorinio metodo taikymai; 6) \u012frodymo u\u017edaviniai; 7) nestandartin\u0117s lygtys ir nelygyb\u0117s; 8) rib\u0173 skai\u010diavimo u\u017edaviniai.<\/p>\n<p><strong><span dir=\"ltr\" role=\"presentation\">2021\u20132023 mokslo met\u0173 programa<\/span><\/strong><span dir=\"ltr\" role=\"presentation\"><strong>:<\/strong> 1) tekstiniai u\u017edaviniai; 2) keitiniai; 3) stereometrijos u\u017edaviniai;\u00a0<\/span><span dir=\"ltr\" role=\"presentation\"> 4) sekos; 5) plot\u0173 skai\u010diavimo u\u017edaviniai; 6) nepriklausomi ir priklausomi atsitiktiniai \u012fvykiai; 7) funkcija ir lygtis; 8) liekan\u0173 aritmetika.<\/span><\/p>\n<p><strong><span dir=\"ltr\" role=\"presentation\">2022\u20132024 mokslo met\u0173 programa<\/span><\/strong><span dir=\"ltr\" role=\"presentation\"><strong>:<\/strong> 1) <\/span>u\u017edaviniai, sprend\u017eiami sudarant lygtis ir j\u0173 sistemas; 2) algebrin\u0117s lygtys; 3) apskritimai; 4) racionaliosios ir iracionaliosios nelygyb\u0117s; 5) trigonometrija geometrijos u\u017edaviniuose; 6) skai\u010diai, reik\u0161m\u0117s ir lentel\u0117s; 7) diofantin\u0117s lygtys; 8) logaritmin\u0117s lygtys ir nelygyb\u0117s.<\/p>\n<p><strong><span dir=\"ltr\" role=\"presentation\">2023\u20132025 mokslo met\u0173 programa<\/span><\/strong><span dir=\"ltr\" role=\"presentation\"><strong>:<\/strong><\/span> 1) geometrinio turinio tekstiniai u\u017edaviniai; 2) ekstremumai; 3) geometriniai vektori\u0173 taikymai; 4) tiesin\u0117s lygtys ir determinantai; 5) rodiklin\u0117s lygtys ir nelygyb\u0117s; 6) koordina\u010di\u0173 metodas plok\u0161tumoje; 7) \u017eaidimai ir turnyrai; 8) sveik\u0173j\u0173 skai\u010di\u0173 laipsniai.<\/p>\n","protected":false},"excerpt":{"rendered":"<p>LJMM u\u017eduo\u010di\u0173 ir sprendim\u0173 knygel\u0117s:\u00a0\u00a0\u00a0\u00a0\u00a0 I knyga \u00a0 \u00a0\u00a0 II knyga \u00a0\u00a0 \u00a0 III knyga \u00a0\u00a0 \u00a0 IV knyga \u00a0\u00a0 \u00a0 V knyga \u00a0\u00a0 \u00a0 VI knyga \u00a0\u00a0 \u00a0 VII knyga \u00a0\u00a0 \u00a0 VIII knyga \u00a0\u00a0 \u00a0 IX knyga \u00a0\u00a0 \u00a0 X knyga \u00a0\u00a0 \u00a0 XI knyga \u00a0\u00a0 \u00a0 XII knyga \u00a0\u00a0 \u00a0 XIII knyga [&hellip;]<\/p>\n","protected":false},"author":3,"featured_media":0,"parent":1101,"menu_order":0,"comment_status":"closed","ping_status":"closed","template":"","meta":{"footnotes":""},"class_list":["post-1133","page","type-page","status-publish","hentry"],"_links":{"self":[{"href":"https:\/\/www4352.vu.lt\/matematikos-olimpiados\/wp-json\/wp\/v2\/pages\/1133","targetHints":{"allow":["GET"]}}],"collection":[{"href":"https:\/\/www4352.vu.lt\/matematikos-olimpiados\/wp-json\/wp\/v2\/pages"}],"about":[{"href":"https:\/\/www4352.vu.lt\/matematikos-olimpiados\/wp-json\/wp\/v2\/types\/page"}],"author":[{"embeddable":true,"href":"https:\/\/www4352.vu.lt\/matematikos-olimpiados\/wp-json\/wp\/v2\/users\/3"}],"replies":[{"embeddable":true,"href":"https:\/\/www4352.vu.lt\/matematikos-olimpiados\/wp-json\/wp\/v2\/comments?post=1133"}],"version-history":[{"count":17,"href":"https:\/\/www4352.vu.lt\/matematikos-olimpiados\/wp-json\/wp\/v2\/pages\/1133\/revisions"}],"predecessor-version":[{"id":1991,"href":"https:\/\/www4352.vu.lt\/matematikos-olimpiados\/wp-json\/wp\/v2\/pages\/1133\/revisions\/1991"}],"up":[{"embeddable":true,"href":"https:\/\/www4352.vu.lt\/matematikos-olimpiados\/wp-json\/wp\/v2\/pages\/1101"}],"wp:attachment":[{"href":"https:\/\/www4352.vu.lt\/matematikos-olimpiados\/wp-json\/wp\/v2\/media?parent=1133"}],"curies":[{"name":"wp","href":"https:\/\/api.w.org\/{rel}","templated":true}]}}