{"id":170,"date":"2015-11-13T11:00:21","date_gmt":"2015-11-13T13:00:21","guid":{"rendered":"http:\/\/matolimpiados.mif\/matematikosolimpiados\/?page_id=170"},"modified":"2025-09-12T17:18:16","modified_gmt":"2025-09-12T14:18:16","slug":"lmmo","status":"publish","type":"page","link":"https:\/\/www4352.vu.lt\/matematikos-olimpiados\/lmmo\/","title":{"rendered":"LMMO"},"content":{"rendered":"<div id=\"content-core\">\n<div id=\"parent-fieldname-text\" class=\"\">\n<p><i><b>Lietuvos mokini\u0173 matematikos olimpiada<\/b><\/i> yra pagrindin\u0117 matematikos olimpiada Lietuvoje, rengiama nuo 1952 m. \u010cia pateikiamos \u0161ios olimpiados \u0161alies etapo u\u017eduotys, sprendimai, rezultatai. Savivaldybi\u0173 etapo u\u017eduotis ir sprendimus galima rasti <a href=\"https:\/\/www.lmnsc.lt\/archyvas_matematikos\/\">\u010dia<\/a>. Remiantis \u0161alies etapo rezultatais, mokiniai kvie\u010diami dalyvauti <a href=\"https:\/\/www4352.vu.lt\/matematikos-olimpiados\/lmmo\/atrankos\/\">atrankoje<\/a> \u012f Pasaulin\u0119 bei Vidurio Europos matematikos olimpiadas.<\/p>\n<\/div>\n<div id=\"parent-fieldname-text\" class=\"\">\n<p><b>U\u017eduotys:<\/b><\/p>\n<p><a href=\"https:\/\/www4352.vu.lt\/matematikos-olimpiados\/wp-content\/uploads\/2025\/04\/LMMO2025.pdf\">2025 m.<\/a>\u00a0\u00a0\u00a0 <a href=\"https:\/\/www4352.vu.lt\/matematikos-olimpiados\/wp-content\/uploads\/2024\/04\/2024LMOuzd.pdf\">2024 m.<\/a>\u00a0 \u00a0 <a href=\"https:\/\/www4352.vu.lt\/matematikos-olimpiados\/wp-content\/uploads\/2023\/04\/2023LMOuzd.pdf\">2023 m.<\/a>\u00a0 \u00a0 <a href=\"https:\/\/www4352.vu.lt\/matematikos-olimpiados\/wp-content\/uploads\/2022\/04\/2022LMOuzd.pdf\">2022 m.<\/a>\u00a0 \u00a0 <a href=\"https:\/\/www4352.vu.lt\/matematikos-olimpiados\/wp-content\/uploads\/2021\/04\/2021LMOuzd.pdf\">2021 m.<\/a>\u00a0 \u00a0 <a href=\"https:\/\/www4352.vu.lt\/matematikos-olimpiados\/wp-content\/uploads\/2019\/03\/2019LMOuzd.pdf\">2019 m.<\/a>\u00a0\u00a0\u00a0 <a href=\"https:\/\/www4352.vu.lt\/matematikos-olimpiados\/wp-content\/uploads\/2018\/04\/2018LMOuzd.pdf\">2018 m.<\/a> \u00a0\u00a0 <a href=\"https:\/\/www4352.vu.lt\/matematikos-olimpiados\/wp-content\/uploads\/2015\/11\/2017LMOuzd.pdf\">2017 m.<\/a> \u00a0\u00a0 <a href=\"https:\/\/www4352.vu.lt\/matematikos-olimpiados\/wp-content\/uploads\/2015\/11\/2016LMOuzd.pdf\" rel=\"\">2016 m.<\/a> \u00a0\u00a0 <a href=\"https:\/\/www4352.vu.lt\/matematikos-olimpiados\/wp-content\/uploads\/2015\/11\/2015LMOuzd.pdf\">2015 m.<\/a> \u00a0\u00a0 <a href=\"https:\/\/www4352.vu.lt\/matematikos-olimpiados\/wp-content\/uploads\/2015\/11\/2014LMOuzd.pdf\">2014 m.<\/a> \u00a0\u00a0 <a href=\"https:\/\/www4352.vu.lt\/matematikos-olimpiados\/wp-content\/uploads\/2015\/11\/2013LMOuzd.pdf\">2013 m.<\/a> \u00a0\u00a0 <a href=\"https:\/\/www4352.vu.lt\/matematikos-olimpiados\/wp-content\/uploads\/2015\/11\/2012LMOuzd.pdf\">2012 m.<\/a> \u00a0\u00a0 <a href=\"https:\/\/www4352.vu.lt\/matematikos-olimpiados\/wp-content\/uploads\/2015\/11\/2011LMOuzd.pdf\">2011 m.<\/a> \u00a0\u00a0 <a href=\"https:\/\/www4352.vu.lt\/matematikos-olimpiados\/wp-content\/uploads\/2015\/11\/2010LMOuzd.pdf\">2010 m.<\/a> \u00a0\u00a0 <a href=\"https:\/\/www4352.vu.lt\/matematikos-olimpiados\/wp-content\/uploads\/2015\/11\/2009LMOuzd.pdf\">2009 m.<\/a> \u00a0\u00a0 <a href=\"https:\/\/www4352.vu.lt\/matematikos-olimpiados\/wp-content\/uploads\/2015\/11\/2008LMOuzd.pdf\">2008 m.<\/a> \u00a0\u00a0 <a href=\"https:\/\/www4352.vu.lt\/matematikos-olimpiados\/wp-content\/uploads\/2015\/11\/2007LMOuzd.pdf\">2007 m.<\/a> \u00a0\u00a0 <a href=\"https:\/\/www4352.vu.lt\/matematikos-olimpiados\/wp-content\/uploads\/2015\/11\/2006LMOuzd.pdf\">2006 m.<\/a> \u00a0\u00a0 <a href=\"https:\/\/www4352.vu.lt\/matematikos-olimpiados\/wp-content\/uploads\/2015\/11\/2005LMOuzd.pdf\">2005 m.<\/a> \u00a0\u00a0 <a href=\"https:\/\/www4352.vu.lt\/matematikos-olimpiados\/wp-content\/uploads\/2015\/11\/2004LMOuzd.pdf\">2004 m.<\/a> \u00a0\u00a0 <a href=\"https:\/\/www4352.vu.lt\/matematikos-olimpiados\/wp-content\/uploads\/2015\/11\/2003LMOuzd.pdf\">2003 m.<\/a><\/p>\n<p><b>Sprendimai:<\/b><\/p>\n<p><a href=\"https:\/\/www4352.vu.lt\/matematikos-olimpiados\/wp-content\/uploads\/2025\/09\/LMMO2025s.pdf\">2025 m.<\/a>\u00a0 \u00a0 <a href=\"https:\/\/www4352.vu.lt\/matematikos-olimpiados\/wp-content\/uploads\/2024\/04\/2024LMO.pdf\">2024 m.<\/a>\u00a0 \u00a0 <a href=\"https:\/\/www4352.vu.lt\/matematikos-olimpiados\/wp-content\/uploads\/2023\/04\/2023LMO.pdf\">2023 m.<\/a>\u00a0 \u00a0 <a href=\"https:\/\/www4352.vu.lt\/matematikos-olimpiados\/wp-content\/uploads\/2022\/04\/2022LMO.pdf\">2022 m.<\/a>\u00a0 \u00a0 <a href=\"https:\/\/www4352.vu.lt\/matematikos-olimpiados\/wp-content\/uploads\/2021\/04\/2021LMO.pdf\">2021 m.<\/a>\u00a0 \u00a0 <a href=\"https:\/\/www4352.vu.lt\/matematikos-olimpiados\/wp-content\/uploads\/2019\/03\/2019LMO.pdf\">2019 m.<\/a> \u00a0\u00a0 <a href=\"https:\/\/www4352.vu.lt\/matematikos-olimpiados\/wp-content\/uploads\/2018\/04\/2018LMO.pdf\">2018 m.<\/a> \u00a0\u00a0 <a href=\"https:\/\/www4352.vu.lt\/matematikos-olimpiados\/wp-content\/uploads\/2015\/11\/2017LMO.pdf\">2017 m.<\/a> \u00a0\u00a0 <a href=\"https:\/\/www4352.vu.lt\/matematikos-olimpiados\/wp-content\/uploads\/2016\/03\/2016LMO.pdf\" rel=\"\">2016 m.<\/a> \u00a0\u00a0 <a href=\"https:\/\/www4352.vu.lt\/matematikos-olimpiados\/wp-content\/uploads\/2015\/11\/2015LMO.pdf\">2015 m.<\/a> \u00a0\u00a0 <a href=\"https:\/\/www4352.vu.lt\/matematikos-olimpiados\/wp-content\/uploads\/2015\/11\/2014LMO.pdf\">2014 m.<\/a> \u00a0\u00a0 <a href=\"https:\/\/www4352.vu.lt\/matematikos-olimpiados\/wp-content\/uploads\/2015\/11\/2013LMO.pdf\">2013 m.<\/a> \u00a0\u00a0 <a href=\"https:\/\/www4352.vu.lt\/matematikos-olimpiados\/wp-content\/uploads\/2015\/11\/2012LMO.pdf\">2012 m.<\/a> \u00a0\u00a0 <a href=\"https:\/\/www4352.vu.lt\/matematikos-olimpiados\/wp-content\/uploads\/2015\/11\/2011LMO.pdf\">2011 m.<\/a> \u00a0\u00a0 <a href=\"https:\/\/www4352.vu.lt\/matematikos-olimpiados\/wp-content\/uploads\/2015\/11\/2010LMO.pdf\">2010 m.<\/a> \u00a0\u00a0 <a href=\"https:\/\/www4352.vu.lt\/matematikos-olimpiados\/wp-content\/uploads\/2015\/11\/2009LMO.pdf\">2009 m.<\/a> \u00a0\u00a0 <a href=\"https:\/\/www4352.vu.lt\/matematikos-olimpiados\/wp-content\/uploads\/2015\/11\/2008LMO.pdf\">2008 m.<\/a> \u00a0\u00a0 <a href=\"https:\/\/www4352.vu.lt\/matematikos-olimpiados\/wp-content\/uploads\/2015\/11\/2007LMO.pdf\">2007 m.<\/a> \u00a0\u00a0 <a href=\"https:\/\/www4352.vu.lt\/matematikos-olimpiados\/wp-content\/uploads\/2015\/11\/2006LMO.pdf\">2006 m.<\/a> \u00a0\u00a0 <a href=\"https:\/\/www4352.vu.lt\/matematikos-olimpiados\/wp-content\/uploads\/2015\/11\/2005LMO.pdf\">2005 m.<\/a> \u00a0\u00a0 <a href=\"https:\/\/www4352.vu.lt\/matematikos-olimpiados\/wp-content\/uploads\/2015\/11\/2004LMO.pdf\">2004 m.<\/a> \u00a0\u00a0 <a href=\"https:\/\/www4352.vu.lt\/matematikos-olimpiados\/wp-content\/uploads\/2015\/11\/2003LMO.pdf\">2003 m.<\/a><\/p>\n<\/div>\n<div class=\"\">\n<p><b>Rezultatai:<\/b><\/p>\n<p><a href=\"https:\/\/www4352.vu.lt\/matematikos-olimpiados\/wp-content\/uploads\/2025\/04\/LMMO2025r.pdf\">2025 m.<\/a>\u00a0 \u00a0 <a href=\"https:\/\/www4352.vu.lt\/matematikos-olimpiados\/wp-content\/uploads\/2024\/04\/LitMO2024rezultatai.pdf\">2024 m.<\/a>\u00a0 \u00a0 <a href=\"https:\/\/www4352.vu.lt\/matematikos-olimpiados\/wp-content\/uploads\/2023\/05\/LitMO2023rezultatai.pdf\">2023 m.<\/a>\u00a0 \u00a0 <a href=\"https:\/\/www4352.vu.lt\/matematikos-olimpiados\/wp-content\/uploads\/2022\/05\/LitMO2022rezultatai.pdf\">2022 m.<\/a> \u00a0 \u00a0<a href=\"https:\/\/www4352.vu.lt\/matematikos-olimpiados\/wp-content\/uploads\/2021\/04\/LitMO2021rezultatai.pdf\">2021 m.<\/a>\u00a0 \u00a0 <a href=\"https:\/\/www4352.vu.lt\/matematikos-olimpiados\/wp-content\/uploads\/2019\/03\/LitMO2019rezultatai.pdf\">2019 m.<\/a> \u00a0\u00a0 <a href=\"https:\/\/www4352.vu.lt\/matematikos-olimpiados\/wp-content\/uploads\/2018\/04\/LitMO2018rezultatai.pdf\">2018 m.<\/a> \u00a0\u00a0 <a href=\"https:\/\/www4352.vu.lt\/matematikos-olimpiados\/wp-content\/uploads\/2015\/11\/LitMO2017rezultatai.pdf\">2017 m.<\/a> \u00a0\u00a0 <a href=\"https:\/\/www4352.vu.lt\/matematikos-olimpiados\/wp-content\/uploads\/2015\/11\/LitMO2016rezultatai.pdf\">2016 m.<\/a> \u00a0\u00a0 <a href=\"https:\/\/www4352.vu.lt\/matematikos-olimpiados\/wp-content\/uploads\/2023\/05\/LitMO2015rezultatai.pdf\">2015 m.<\/a> \u00a0\u00a0 <a href=\"https:\/\/www4352.vu.lt\/matematikos-olimpiados\/wp-content\/uploads\/2023\/05\/LitMO2014rezultatai.pdf\">2014 m.<\/a> \u00a0\u00a0 <a href=\"https:\/\/www4352.vu.lt\/matematikos-olimpiados\/wp-content\/uploads\/2023\/05\/LitMO2013rezultatai.pdf\">2013 m.<\/a> \u00a0\u00a0 <a href=\"https:\/\/www4352.vu.lt\/matematikos-olimpiados\/wp-content\/uploads\/2023\/05\/LitMO2012rezultatai.pdf\">2012 m.<\/a> \u00a0\u00a0 <a href=\"https:\/\/www4352.vu.lt\/matematikos-olimpiados\/wp-content\/uploads\/2023\/05\/LitMO2011rezultatai.pdf\">2011 m.<\/a> \u00a0\u00a0 <a href=\"https:\/\/www4352.vu.lt\/matematikos-olimpiados\/wp-content\/uploads\/2023\/05\/LitMO2010rezultatai.pdf\">2010 m.<\/a> \u00a0\u00a0 <a href=\"https:\/\/www4352.vu.lt\/matematikos-olimpiados\/wp-content\/uploads\/2023\/05\/LitMO2009rezultatai.pdf\">2009 m.<\/a> \u00a0\u00a0 <a href=\"https:\/\/www4352.vu.lt\/matematikos-olimpiados\/wp-content\/uploads\/2023\/05\/LitMO2008rezultatai.pdf\">2008 m.<\/a> \u00a0\u00a0 <a href=\"https:\/\/www4352.vu.lt\/matematikos-olimpiados\/wp-content\/uploads\/2015\/11\/LitMO2007rezultatai.pdf\">2007 m.<\/a> \u00a0\u00a0 <a href=\"https:\/\/www4352.vu.lt\/matematikos-olimpiados\/wp-content\/uploads\/2015\/11\/LitMO2006rezultatai.pdf\">2006 m.<\/a> \u00a0\u00a0 <a href=\"https:\/\/www4352.vu.lt\/matematikos-olimpiados\/wp-content\/uploads\/2023\/05\/LitMO2005rezultatai.pdf\">2005 m.<\/a> \u00a0\u00a0 <a href=\"https:\/\/www4352.vu.lt\/matematikos-olimpiados\/wp-content\/uploads\/2023\/05\/LitMO2004rezultatai.pdf\">2004 m.<\/a><\/p>\n<\/div>\n<\/div>\n","protected":false},"excerpt":{"rendered":"<p>Lietuvos mokini\u0173 matematikos olimpiada yra pagrindin\u0117 matematikos olimpiada Lietuvoje, rengiama nuo 1952 m. \u010cia pateikiamos \u0161ios olimpiados \u0161alies etapo u\u017eduotys, sprendimai, rezultatai. Savivaldybi\u0173 etapo u\u017eduotis ir sprendimus galima rasti \u010dia. Remiantis \u0161alies etapo rezultatais, mokiniai kvie\u010diami dalyvauti atrankoje \u012f Pasaulin\u0119 bei Vidurio Europos matematikos olimpiadas. U\u017eduotys: 2025 m.\u00a0\u00a0\u00a0 2024 m.\u00a0 \u00a0 2023 m.\u00a0 \u00a0 2022 [&hellip;]<\/p>\n","protected":false},"author":3,"featured_media":0,"parent":0,"menu_order":0,"comment_status":"closed","ping_status":"closed","template":"","meta":{"footnotes":""},"class_list":["post-170","page","type-page","status-publish","hentry"],"_links":{"self":[{"href":"https:\/\/www4352.vu.lt\/matematikos-olimpiados\/wp-json\/wp\/v2\/pages\/170","targetHints":{"allow":["GET"]}}],"collection":[{"href":"https:\/\/www4352.vu.lt\/matematikos-olimpiados\/wp-json\/wp\/v2\/pages"}],"about":[{"href":"https:\/\/www4352.vu.lt\/matematikos-olimpiados\/wp-json\/wp\/v2\/types\/page"}],"author":[{"embeddable":true,"href":"https:\/\/www4352.vu.lt\/matematikos-olimpiados\/wp-json\/wp\/v2\/users\/3"}],"replies":[{"embeddable":true,"href":"https:\/\/www4352.vu.lt\/matematikos-olimpiados\/wp-json\/wp\/v2\/comments?post=170"}],"version-history":[{"count":24,"href":"https:\/\/www4352.vu.lt\/matematikos-olimpiados\/wp-json\/wp\/v2\/pages\/170\/revisions"}],"predecessor-version":[{"id":2007,"href":"https:\/\/www4352.vu.lt\/matematikos-olimpiados\/wp-json\/wp\/v2\/pages\/170\/revisions\/2007"}],"wp:attachment":[{"href":"https:\/\/www4352.vu.lt\/matematikos-olimpiados\/wp-json\/wp\/v2\/media?parent=170"}],"curies":[{"name":"wp","href":"https:\/\/api.w.org\/{rel}","templated":true}]}}