{"id":249,"date":"2015-11-13T16:06:34","date_gmt":"2015-11-13T18:06:34","guid":{"rendered":"http:\/\/matolimpiados.mif\/matematikosolimpiados\/?page_id=249"},"modified":"2026-02-09T17:43:27","modified_gmt":"2026-02-09T15:43:27","slug":"mifmo","status":"publish","type":"page","link":"https:\/\/www4352.vu.lt\/matematikos-olimpiados\/mifmo\/","title":{"rendered":"MIFMO"},"content":{"rendered":"<div>\n<div>Nuo 2002 met\u0173 Vilniaus universiteto Matematikos ir informatikos fakulteto studentai kasmet dalyvauja tarptautin\u0117je <a class=\"external-link\" href=\"http:\/\/vjimc.osu.cz\/\" target=\"_blank\" rel=\"noopener noreferrer\"><i><b>Vojt\u011bch Jarn\u00edk matematikos olimpiadoje<\/b><\/i><\/a>, kuri kovo pabaigoje \u2013 baland\u017eio prad\u017eioje vyksta \u010cekijoje, Ostravos mieste.<\/div>\n<div>2005 metais prad\u0117ta rengti atrankines u\u017edavini\u0173 sprendimo var\u017eybas, kurios tapo <i><b>MIFMO (MIF student\u0173 matematikos olimpiados)<\/b><\/i> prad\u017eia. Pirmasis organizatorius ir student\u0173 komandos vadovas buvo \u017eymusis <a href=\"http:\/\/www.mif.vu.lt\/katedros\/mmk\/kasuba\/kasuba.htm\" target=\"_blank\" rel=\"noopener noreferrer\"> Romualdas Ka\u0161uba<\/a>.<\/div>\n<div>I\u0161 jo organizatoriaus ir komandos vadovo pareigas per\u0117m\u0117 <a href=\"http:\/\/www.mif.vu.lt\/%7Edrungilas\/\" target=\"_blank\" rel=\"noopener noreferrer\"> Paulius Drungilas<\/a>, patsai buv\u0119s moksleivi\u0173 ir student\u0173 olimpiad\u0173 dalyvis bei nugal\u0117tojas. V\u0117liau prie organizavimo prisijung\u0117 <a href=\"http:\/\/www.mif.vu.lt\/%7Ejonajank\" target=\"_blank\" rel=\"noopener noreferrer\">Jonas Jankauskas<\/a>, dar v\u0117liau \u2013 <a href=\"http:\/\/www.mif.vu.lt\/%7Edubickas\/\" target=\"_blank\" rel=\"noopener noreferrer\">Art\u016bras Dubickas<\/a>.<\/div>\n<div>\n<p>D\u0117kojame studentams, kurie pastebi netikslumus s\u0105lygose ir sprendimuose bei atsiun\u010dia pataisymus.<\/p>\n<p><strong>U\u017eduotys:<\/strong><\/p>\n<\/div>\n<\/div>\n<p><a href=\"https:\/\/www4352.vu.lt\/matematikos-olimpiados\/wp-content\/uploads\/2026\/02\/mifmo2026.pdf\">2026 m.<\/a>\u00a0 \u00a0 \u00a0<a href=\"https:\/\/www4352.vu.lt\/matematikos-olimpiados\/wp-content\/uploads\/2025\/02\/mifmo2025.pdf\">2025 m.<\/a>\u00a0 \u00a0 \u00a0<a href=\"https:\/\/www4352.vu.lt\/matematikos-olimpiados\/wp-content\/uploads\/2024\/02\/mifmo2024.pdf\">2024 m.<\/a>\u00a0 \u00a0 \u00a0<a href=\"https:\/\/www4352.vu.lt\/matematikos-olimpiados\/wp-content\/uploads\/2023\/02\/mifmo2023.pdf\">2023 m.<\/a>\u00a0\u00a0 \u00a0 <a href=\"https:\/\/www4352.vu.lt\/matematikos-olimpiados\/wp-content\/uploads\/2022\/02\/mifmo2022.pdf\">2022 m.<\/a>\u00a0 \u00a0 \u00a0<a href=\"https:\/\/www4352.vu.lt\/matematikos-olimpiados\/wp-content\/uploads\/2021\/02\/mifmo2021.pdf\">2021 m.<\/a>\u00a0 \u00a0 \u00a0<a href=\"https:\/\/www4352.vu.lt\/matematikos-olimpiados\/wp-content\/uploads\/2020\/01\/mifmo2020.pdf\">2020 m.<\/a>\u00a0\u00a0\u00a0\u00a0 <a href=\"https:\/\/www4352.vu.lt\/matematikos-olimpiados\/wp-content\/uploads\/2019\/02\/mifmo2019.pdf\">2019 m.<\/a>\u00a0\u00a0\u00a0\u00a0 <a href=\"https:\/\/www4352.vu.lt\/matematikos-olimpiados\/wp-content\/uploads\/2018\/02\/mifmo2018.pdf\">2018 m.<\/a>\u00a0\u00a0\u00a0 <a href=\"https:\/\/www4352.vu.lt\/matematikos-olimpiados\/wp-content\/uploads\/2015\/11\/mifmo2017.pdf\">2017 m.<\/a> \u00a0\u00a0\u00a0 <a href=\"https:\/\/www4352.vu.lt\/matematikos-olimpiados\/wp-content\/uploads\/2015\/11\/mifmo2016.pdf\" rel=\"\">2016 m.<\/a>\u00a0\u00a0\u00a0 <a href=\"https:\/\/www4352.vu.lt\/matematikos-olimpiados\/wp-content\/uploads\/2015\/11\/mifmo2015.pdf\">2015 m.<\/a> \u00a0\u00a0\u00a0 <a href=\"https:\/\/www4352.vu.lt\/matematikos-olimpiados\/wp-content\/uploads\/2015\/11\/mifmo2014.pdf\">2014 m.<\/a> \u00a0\u00a0\u00a0 <a href=\"https:\/\/www4352.vu.lt\/matematikos-olimpiados\/wp-content\/uploads\/2015\/11\/mifmo2013.pdf\">2013 m.<\/a> \u00a0\u00a0\u00a0 <a href=\"https:\/\/www4352.vu.lt\/matematikos-olimpiados\/wp-content\/uploads\/2015\/11\/mifmo2012.pdf\">2012 m.<\/a> \u00a0\u00a0\u00a0 <a href=\"https:\/\/www4352.vu.lt\/matematikos-olimpiados\/wp-content\/uploads\/2015\/11\/mifmo2011.pdf\">2011 m.<\/a> \u00a0\u00a0\u00a0 <a href=\"https:\/\/www4352.vu.lt\/matematikos-olimpiados\/wp-content\/uploads\/2015\/11\/mifmo2010.pdf\">2010 m.<\/a> \u00a0\u00a0\u00a0 <a href=\"https:\/\/www4352.vu.lt\/matematikos-olimpiados\/wp-content\/uploads\/2015\/11\/mifmo2008.pdf\">2008 m.<\/a> \u00a0\u00a0\u00a0 <a href=\"https:\/\/www4352.vu.lt\/matematikos-olimpiados\/wp-content\/uploads\/2015\/11\/mifmo2007.pdf\">2007 m.<\/a> \u00a0\u00a0\u00a0 <a href=\"https:\/\/www4352.vu.lt\/matematikos-olimpiados\/wp-content\/uploads\/2015\/11\/mifmo2006.pdf\">2006 m.<\/a><\/p>\n<p><strong>Sprendimai:<\/strong><\/p>\n<p><a href=\"https:\/\/www4352.vu.lt\/matematikos-olimpiados\/wp-content\/uploads\/2026\/02\/mifmo2026spr.pdf\">2026 m.<\/a>\u00a0 \u00a0 \u00a0<a href=\"https:\/\/www4352.vu.lt\/matematikos-olimpiados\/wp-content\/uploads\/2025\/02\/mifmo2025spr.pdf\">2025 m.<\/a>\u00a0 \u00a0\u00a0 <a href=\"https:\/\/www4352.vu.lt\/matematikos-olimpiados\/wp-content\/uploads\/2024\/02\/mifmo2024spr.pdf\">2024 m.<\/a>\u00a0 \u00a0 \u00a0<a href=\"https:\/\/www4352.vu.lt\/matematikos-olimpiados\/wp-content\/uploads\/2023\/02\/mifmo2023spr.pdf\">2023 m.<\/a>\u00a0 \u00a0 \u00a0<a href=\"https:\/\/www4352.vu.lt\/matematikos-olimpiados\/wp-content\/uploads\/2022\/02\/mifmo2022spr.pdf\">2022 m.<\/a>\u00a0 \u00a0 \u00a0<a href=\"https:\/\/www4352.vu.lt\/matematikos-olimpiados\/wp-content\/uploads\/2021\/02\/mifmo2021spr.pdf\">2021 m.<\/a>\u00a0 \u00a0 \u00a0<a href=\"https:\/\/www4352.vu.lt\/matematikos-olimpiados\/wp-content\/uploads\/2020\/01\/mifmo2020spr.pdf\">2020 m.<\/a>\u00a0\u00a0\u00a0\u00a0 <a href=\"https:\/\/www4352.vu.lt\/matematikos-olimpiados\/wp-content\/uploads\/2019\/02\/mifmo2019spr.pdf\">2019 m.<\/a>\u00a0\u00a0\u00a0\u00a0 <a href=\"https:\/\/www4352.vu.lt\/matematikos-olimpiados\/wp-content\/uploads\/2018\/02\/mifmo2018spr.pdf\">2018 m.<\/a>\u00a0\u00a0\u00a0\u00a0 <a href=\"https:\/\/www4352.vu.lt\/matematikos-olimpiados\/wp-content\/uploads\/2015\/11\/mifmo2017spr.pdf\">2017 m.<\/a>\u00a0\u00a0\u00a0\u00a0 <a href=\"https:\/\/www4352.vu.lt\/matematikos-olimpiados\/wp-content\/uploads\/2015\/11\/mifmo2016spr.pdf\" rel=\"\">2016 m.<\/a> \u00a0\u00a0\u00a0<a href=\"https:\/\/www4352.vu.lt\/matematikos-olimpiados\/wp-content\/uploads\/2015\/11\/mifmo2015spr.pdf\"> 2015 m.<\/a>\u00a0\u00a0\u00a0\u00a0 <a href=\"https:\/\/www4352.vu.lt\/matematikos-olimpiados\/wp-content\/uploads\/2015\/11\/mifmo2014spr.pdf\">2014 m.<\/a>\u00a0\u00a0\u00a0\u00a0 <a href=\"https:\/\/www4352.vu.lt\/matematikos-olimpiados\/wp-content\/uploads\/2015\/11\/mifmo2013spr.pdf\">2013 m.<\/a> (taip pat\u00a0 <a href=\"https:\/\/www4352.vu.lt\/matematikos-olimpiados\/wp-content\/uploads\/2015\/11\/mifmo2013eng.pdf\">angl\u0173 k.<\/a>)\u00a0 \u00a0\u00a0 <a href=\"https:\/\/www4352.vu.lt\/matematikos-olimpiados\/wp-content\/uploads\/2015\/11\/mifmo2012spr.pdf\">2012 m.<\/a> \u00a0\u00a0\u00a0 <a href=\"https:\/\/www4352.vu.lt\/matematikos-olimpiados\/wp-content\/uploads\/2015\/11\/mifmo2011spr.pdf\">2011 m.<\/a>\u00a0\u00a0\u00a0\u00a0 <a href=\"https:\/\/www4352.vu.lt\/matematikos-olimpiados\/wp-content\/uploads\/2015\/11\/mifmo2010spr.pdf\">2010 m.<\/a><\/p>\n<p><strong>Rezultatai:<\/strong><\/p>\n<p><a href=\"https:\/\/www4352.vu.lt\/matematikos-olimpiados\/wp-content\/uploads\/2019\/02\/mifmo2019rez.pdf\">2019 m.<\/a>\u00a0\u00a0\u00a0\u00a0 <a href=\"https:\/\/www4352.vu.lt\/matematikos-olimpiados\/wp-content\/uploads\/2018\/02\/mifmo2018rez.pdf\">2018 m.<\/a>\u00a0\u00a0\u00a0\u00a0 <a href=\"https:\/\/www4352.vu.lt\/matematikos-olimpiados\/wp-content\/uploads\/2015\/11\/mifmo2017rez.pdf\">2017 m.<\/a>\u00a0\u00a0\u00a0 <a href=\"https:\/\/www4352.vu.lt\/matematikos-olimpiados\/wp-content\/uploads\/2015\/11\/mifmo2016rez.pdf\" rel=\"\">2016 m.<\/a> \u00a0\u00a0\u00a0<a href=\"https:\/\/www4352.vu.lt\/matematikos-olimpiados\/wp-content\/uploads\/2015\/11\/mifmo2015rez.pdf\"> 2015 m.<\/a>\u00a0\u00a0\u00a0\u00a0 <a href=\"https:\/\/www4352.vu.lt\/matematikos-olimpiados\/wp-content\/uploads\/2015\/11\/mifmo2014rez.pdf\">2014 m.<\/a>\u00a0\u00a0\u00a0\u00a0 <a href=\"https:\/\/www4352.vu.lt\/matematikos-olimpiados\/wp-content\/uploads\/2015\/11\/mifmo2013rez.pdf\">2013 m.<\/a>\u00a0\u00a0\u00a0\u00a0 <a href=\"https:\/\/www4352.vu.lt\/matematikos-olimpiados\/wp-content\/uploads\/2015\/11\/mifmo2012rez.pdf\">2012 m.<\/a>\u00a0\u00a0\u00a0\u00a0 <a href=\"https:\/\/www4352.vu.lt\/matematikos-olimpiados\/wp-content\/uploads\/2015\/11\/mifmo2011rez.pdf\">2011 m.<\/a>\u00a0\u00a0\u00a0\u00a0 <a href=\"https:\/\/www4352.vu.lt\/matematikos-olimpiados\/wp-content\/uploads\/2015\/11\/mifmo2010rez.pdf\">2010 m.<\/a><\/p>\n","protected":false},"excerpt":{"rendered":"<p>Nuo 2002 met\u0173 Vilniaus universiteto Matematikos ir informatikos fakulteto studentai kasmet dalyvauja tarptautin\u0117je Vojt\u011bch Jarn\u00edk matematikos olimpiadoje, kuri kovo pabaigoje \u2013 baland\u017eio prad\u017eioje vyksta \u010cekijoje, Ostravos mieste. 2005 metais prad\u0117ta rengti atrankines u\u017edavini\u0173 sprendimo var\u017eybas, kurios tapo MIFMO (MIF student\u0173 matematikos olimpiados) prad\u017eia. Pirmasis organizatorius ir student\u0173 komandos vadovas buvo \u017eymusis Romualdas Ka\u0161uba. I\u0161 jo [&hellip;]<\/p>\n","protected":false},"author":3,"featured_media":0,"parent":0,"menu_order":0,"comment_status":"closed","ping_status":"closed","template":"","meta":{"footnotes":""},"class_list":["post-249","page","type-page","status-publish","hentry"],"_links":{"self":[{"href":"https:\/\/www4352.vu.lt\/matematikos-olimpiados\/wp-json\/wp\/v2\/pages\/249","targetHints":{"allow":["GET"]}}],"collection":[{"href":"https:\/\/www4352.vu.lt\/matematikos-olimpiados\/wp-json\/wp\/v2\/pages"}],"about":[{"href":"https:\/\/www4352.vu.lt\/matematikos-olimpiados\/wp-json\/wp\/v2\/types\/page"}],"author":[{"embeddable":true,"href":"https:\/\/www4352.vu.lt\/matematikos-olimpiados\/wp-json\/wp\/v2\/users\/3"}],"replies":[{"embeddable":true,"href":"https:\/\/www4352.vu.lt\/matematikos-olimpiados\/wp-json\/wp\/v2\/comments?post=249"}],"version-history":[{"count":5,"href":"https:\/\/www4352.vu.lt\/matematikos-olimpiados\/wp-json\/wp\/v2\/pages\/249\/revisions"}],"predecessor-version":[{"id":2080,"href":"https:\/\/www4352.vu.lt\/matematikos-olimpiados\/wp-json\/wp\/v2\/pages\/249\/revisions\/2080"}],"wp:attachment":[{"href":"https:\/\/www4352.vu.lt\/matematikos-olimpiados\/wp-json\/wp\/v2\/media?parent=249"}],"curies":[{"name":"wp","href":"https:\/\/api.w.org\/{rel}","templated":true}]}}