{"id":281,"date":"2015-11-13T16:10:33","date_gmt":"2015-11-13T18:10:33","guid":{"rendered":"http:\/\/matolimpiados.mif\/matematikosolimpiados\/?page_id=281"},"modified":"2015-11-13T16:10:33","modified_gmt":"2015-11-13T18:10:33","slug":"regionai","status":"publish","type":"page","link":"https:\/\/www4352.vu.lt\/matematikos-olimpiados\/regionai\/","title":{"rendered":"Regionai"},"content":{"rendered":"<p>VU MIF padeda organizuoti kelias \u012fvairius Lietuvos regionus apiman\u010dias mokini\u0173 matematikos olimpiadas.<\/p>\n","protected":false},"excerpt":{"rendered":"<p>VU MIF padeda organizuoti kelias \u012fvairius Lietuvos regionus apiman\u010dias mokini\u0173 matematikos olimpiadas.<\/p>\n","protected":false},"author":3,"featured_media":0,"parent":0,"menu_order":0,"comment_status":"closed","ping_status":"closed","template":"","meta":{"footnotes":""},"class_list":["post-281","page","type-page","status-publish","hentry"],"_links":{"self":[{"href":"https:\/\/www4352.vu.lt\/matematikos-olimpiados\/wp-json\/wp\/v2\/pages\/281","targetHints":{"allow":["GET"]}}],"collection":[{"href":"https:\/\/www4352.vu.lt\/matematikos-olimpiados\/wp-json\/wp\/v2\/pages"}],"about":[{"href":"https:\/\/www4352.vu.lt\/matematikos-olimpiados\/wp-json\/wp\/v2\/types\/page"}],"author":[{"embeddable":true,"href":"https:\/\/www4352.vu.lt\/matematikos-olimpiados\/wp-json\/wp\/v2\/users\/3"}],"replies":[{"embeddable":true,"href":"https:\/\/www4352.vu.lt\/matematikos-olimpiados\/wp-json\/wp\/v2\/comments?post=281"}],"version-history":[{"count":0,"href":"https:\/\/www4352.vu.lt\/matematikos-olimpiados\/wp-json\/wp\/v2\/pages\/281\/revisions"}],"wp:attachment":[{"href":"https:\/\/www4352.vu.lt\/matematikos-olimpiados\/wp-json\/wp\/v2\/media?parent=281"}],"curies":[{"name":"wp","href":"https:\/\/api.w.org\/{rel}","templated":true}]}}