{"id":283,"date":"2015-11-13T16:18:04","date_gmt":"2015-11-13T18:18:04","guid":{"rendered":"http:\/\/matolimpiados.mif\/matematikosolimpiados\/?page_id=283"},"modified":"2025-11-25T14:18:39","modified_gmt":"2025-11-25T12:18:39","slug":"pasvalys","status":"publish","type":"page","link":"https:\/\/www4352.vu.lt\/matematikos-olimpiados\/regionai\/pasvalys\/","title":{"rendered":"Pasvalys"},"content":{"rendered":"<p><img loading=\"lazy\" decoding=\"async\" class=\"alignleft wp-image-284\" src=\"https:\/\/www4352.vu.lt\/matematikos-olimpiados\/wp-content\/uploads\/2015\/11\/pasvalys_p.jpg\" alt=\"pasvalys_p\" width=\"320\" height=\"436\" \/>Pirmoji <i><b>Pasvalio kra\u0161to komandin\u0117 matematikos olimpiada profesoriaus Broniaus Grigelionio taurei laim\u0117ti <\/b><\/i>\u012fvyko 1999 m. lapkri\u010dio 26 d.\u00a0 Taur\u0117s steig\u0117jas, Pasvalio kra\u0161to Ici\u016bn\u0173 kaime gim\u0119s profesorius, akademikas <a class=\"external-link\" href=\"http:\/\/lt.wikipedia.org\/wiki\/Bronius_Grigelionis\" target=\"_blank\" rel=\"noopener noreferrer\">Bronius Grigelionis<\/a> (1935\u20132014) tokiais \u017eod\u017eiais kreip\u0117si \u012f dalyvius:<\/p>\n<p><i>Mieli jaunieji matematikai,<\/i><\/p>\n<p><i>Lietuva gars\u0117ja ne tik kaip poet\u0173, daininink\u0173 ar krep\u0161inink\u0173 \u0161alis, bet ir kaip matematik\u0173 \u0161alis. Matematin\u0117s tradicijos bus s\u0117kmingai t\u0119siamos ir puosel\u0117jamos tik tuo atveju, kai vis daugiau jaunuoli\u0173 sieks pa\u017einti matematikos pasaulio gro\u017e\u012f, kai matematik\u0173 gretos nuolat bus papildomos naujais talentais. <\/i><\/p>\n<p><i>Nuo\u0161ird\u017eiai sveikindamas visus Pasvalio kra\u0161to jaun\u0173j\u0173 matematik\u0173 olimpiados dalyvius, linkiu, kad ne vienam i\u0161 j\u016bs\u0173 ji tapt\u0173 pirmuoju tvirtu \u017eingsniu kopiant \u012f matematikos auk\u0161tumas!<\/i><\/p>\n<p>Konkursui \u012fsib\u0117g\u0117jus, 2003 m. Profesorius ra\u0161\u0117:<\/p>\n<p><i>Pagrindin\u0117 paskata kopti \u012f mokslo auk\u0161tumas yra \u017eini\u0173 tro\u0161kulys, o atpildas u\u017e dedamas pastangas &#8211; pa\u017einimo d\u017eiaugsmas.<br \/>\nTikiuosi, kad \u0161ios, jau penkt\u0105 kart\u0105 Pasvalyje vykstan\u010dios var\u017eytuv\u0117s skatina t\u0105 tro\u0161kul\u012f.<br \/>\nLinkiu kiekvienam i\u0161 J\u016bs\u0173 jaunatvi\u0161ko ver\u017elumo ir kuo geriausios s\u0117km\u0117s!<\/i><\/p>\n<p><strong>U\u017eduotys:<\/strong><\/p>\n<p><a href=\"https:\/\/www4352.vu.lt\/matematikos-olimpiados\/wp-content\/uploads\/2025\/11\/pasvalys2025.pdf\">2025 m.<\/a>\u00a0 \u00a0 \u00a0<a href=\"https:\/\/www4352.vu.lt\/matematikos-olimpiados\/wp-content\/uploads\/2024\/11\/pasvalys2024.pdf\">2024 m.<\/a>\u00a0 \u00a0 \u00a0<a href=\"https:\/\/www4352.vu.lt\/matematikos-olimpiados\/wp-content\/uploads\/2023\/11\/pasvalys2023.pdf\">2023 m.<\/a>\u00a0 \u00a0 \u00a0<a href=\"https:\/\/www4352.vu.lt\/matematikos-olimpiados\/wp-content\/uploads\/2022\/11\/pasvalys2022.pdf\">2022 m.<\/a>\u00a0 \u00a0 \u00a0<a href=\"https:\/\/www4352.vu.lt\/matematikos-olimpiados\/wp-content\/uploads\/2019\/11\/pasvalys2019.pdf\">2019 m.<\/a>\u00a0\u00a0\u00a0\u00a0 <a href=\"https:\/\/www4352.vu.lt\/matematikos-olimpiados\/wp-content\/uploads\/2018\/11\/pasvalys2018.pdf\">2018 m.<\/a>\u00a0\u00a0\u00a0\u00a0 <a href=\"https:\/\/www4352.vu.lt\/matematikos-olimpiados\/wp-content\/uploads\/2017\/11\/pasvalys2017.pdf\">2017 m.<\/a>\u00a0\u00a0\u00a0\u00a0 <a href=\"https:\/\/www4352.vu.lt\/matematikos-olimpiados\/wp-content\/uploads\/2015\/11\/pasvalys2016.pdf\">2016 m.<\/a> \u00a0\u00a0\u00a0<a href=\"https:\/\/www4352.vu.lt\/matematikos-olimpiados\/wp-content\/uploads\/2015\/11\/pasvalys2015.pdf\"> 2015 m.<\/a>\u00a0\u00a0\u00a0\u00a0 <a href=\"https:\/\/www4352.vu.lt\/matematikos-olimpiados\/wp-content\/uploads\/2015\/11\/pasvalys2014.pdf\">2014 m.<\/a>\u00a0\u00a0\u00a0\u00a0 <a href=\"https:\/\/www4352.vu.lt\/matematikos-olimpiados\/wp-content\/uploads\/2015\/11\/pasvalys2013.pdf\">2013 m.<\/a>\u00a0\u00a0\u00a0\u00a0 <a href=\"https:\/\/www4352.vu.lt\/matematikos-olimpiados\/wp-content\/uploads\/2015\/11\/pasvalys2012.pdf\">2012 m.<\/a>\u00a0\u00a0\u00a0\u00a0 <a href=\"https:\/\/www4352.vu.lt\/matematikos-olimpiados\/wp-content\/uploads\/2015\/11\/pasvalys2011.pdf\">2011 m.<\/a>\u00a0\u00a0\u00a0\u00a0 <a href=\"https:\/\/www4352.vu.lt\/matematikos-olimpiados\/wp-content\/uploads\/2015\/11\/pasvalys2010.pdf\">2010 m.<\/a>\u00a0\u00a0\u00a0\u00a0 <a href=\"https:\/\/www4352.vu.lt\/matematikos-olimpiados\/wp-content\/uploads\/2015\/11\/pasvalys2009.pdf\">2009 m.<\/a>\u00a0\u00a0\u00a0\u00a0 <a href=\"https:\/\/www4352.vu.lt\/matematikos-olimpiados\/wp-content\/uploads\/2015\/11\/pasvalys2008.pdf\">2008 m.<\/a>\u00a0\u00a0\u00a0\u00a0 <a href=\"https:\/\/www4352.vu.lt\/matematikos-olimpiados\/wp-content\/uploads\/2015\/11\/pasvalys2007.pdf\">2007 m.<\/a>\u00a0\u00a0\u00a0\u00a0\u00a0<a href=\"https:\/\/www4352.vu.lt\/matematikos-olimpiados\/wp-content\/uploads\/2015\/11\/pasvalys2006.pdf\">2006 m.<\/a>\u00a0\u00a0\u00a0\u00a0 <a href=\"https:\/\/www4352.vu.lt\/matematikos-olimpiados\/wp-content\/uploads\/2015\/11\/pasvalys2005.pdf\">2005 m.<\/a>\u00a0\u00a0\u00a0\u00a0 <a href=\"https:\/\/www4352.vu.lt\/matematikos-olimpiados\/wp-content\/uploads\/2015\/11\/pasvalys2004.pdf\">2004 m.<\/a>\u00a0\u00a0\u00a0\u00a0 <a href=\"https:\/\/www4352.vu.lt\/matematikos-olimpiados\/wp-content\/uploads\/2015\/11\/pasvalys2003.pdf\">2003 m.<\/a>\u00a0\u00a0\u00a0\u00a0 <a href=\"https:\/\/www4352.vu.lt\/matematikos-olimpiados\/wp-content\/uploads\/2015\/11\/pasvalys2002.pdf\">2002 m.<\/a>\u00a0\u00a0\u00a0\u00a0 <a href=\"https:\/\/www4352.vu.lt\/matematikos-olimpiados\/wp-content\/uploads\/2015\/11\/pasvalys2001.pdf\">2001 m.<\/a>\u00a0\u00a0\u00a0\u00a0 <a href=\"https:\/\/www4352.vu.lt\/matematikos-olimpiados\/wp-content\/uploads\/2015\/11\/pasvalys2000.pdf\">2000 m.<\/a>\u00a0\u00a0\u00a0\u00a0 <a href=\"https:\/\/www4352.vu.lt\/matematikos-olimpiados\/wp-content\/uploads\/2015\/11\/pasvalys1999.pdf\">1999 m.<\/a><\/p>\n<p><strong>Sprendimai:<\/strong><\/p>\n<p><a href=\"https:\/\/www4352.vu.lt\/matematikos-olimpiados\/wp-content\/uploads\/2025\/11\/pasvalys2025s.pdf\">2025 m.<\/a>\u00a0 \u00a0 \u00a0<a href=\"https:\/\/www4352.vu.lt\/matematikos-olimpiados\/wp-content\/uploads\/2024\/11\/pasvalys2024s.pdf\">2024 m.<\/a>\u00a0 \u00a0 \u00a0<a href=\"https:\/\/www4352.vu.lt\/matematikos-olimpiados\/wp-content\/uploads\/2023\/11\/pasvalys2023s.pdf\">2023 m.<\/a>\u00a0 \u00a0 \u00a0<a href=\"https:\/\/www4352.vu.lt\/matematikos-olimpiados\/wp-content\/uploads\/2022\/11\/pasvalys2022s.pdf\">2022 m.<\/a>\u00a0 \u00a0 \u00a0<a href=\"https:\/\/www4352.vu.lt\/matematikos-olimpiados\/wp-content\/uploads\/2019\/11\/pasvalys2019s.pdf\">2019 m.<\/a>\u00a0\u00a0\u00a0\u00a0 <a href=\"https:\/\/www4352.vu.lt\/matematikos-olimpiados\/wp-content\/uploads\/2018\/11\/pasvalys2018s.pdf\">2018 m.<\/a>\u00a0\u00a0\u00a0\u00a0 <a href=\"https:\/\/www4352.vu.lt\/matematikos-olimpiados\/wp-content\/uploads\/2017\/11\/pasvalys2017s.pdf\">2017 m.<\/a>\u00a0\u00a0\u00a0 <a href=\"https:\/\/www4352.vu.lt\/matematikos-olimpiados\/wp-content\/uploads\/2015\/11\/pasvalys2016s.pdf\">2016 m.<\/a>\u00a0\u00a0\u00a0\u00a0<a href=\"https:\/\/www4352.vu.lt\/matematikos-olimpiados\/wp-content\/uploads\/2015\/11\/pasvalys2015s.pdf\"> 2015 m.<\/a>\u00a0\u00a0\u00a0\u00a0\u00a0<a href=\"http:\/\/mif.vu.lt\/matematikos-olimpiados\/wp-content\/uploads\/2023\/05\/pasvalys2014s.pdf\">2014 m.<\/a>\u00a0\u00a0\u00a0\u00a0 <a href=\"https:\/\/www4352.vu.lt\/matematikos-olimpiados\/wp-content\/uploads\/2015\/11\/pasvalys2013s.pdf\">2013 m.<\/a>\u00a0\u00a0\u00a0\u00a0 <a href=\"http:\/\/mif.vu.lt\/matematikos-olimpiados\/wp-content\/uploads\/2023\/05\/pasvalys2012s.pdf\">2012 m.<\/a>\u00a0\u00a0\u00a0\u00a0 <a href=\"http:\/\/mif.vu.lt\/matematikos-olimpiados\/wp-content\/uploads\/2023\/05\/pasvalys2011s.pdf\">2011 m.<\/a>\u00a0\u00a0\u00a0\u00a0 <a href=\"https:\/\/www4352.vu.lt\/matematikos-olimpiados\/wp-content\/uploads\/2015\/11\/pasvalys2010s.pdf\">2010 m.<\/a>\u00a0\u00a0\u00a0\u00a0 <a href=\"https:\/\/www4352.vu.lt\/matematikos-olimpiados\/wp-content\/uploads\/2015\/11\/pasvalys2009s.pdf\">2009 m.<\/a>\u00a0\u00a0\u00a0\u00a0 <a href=\"https:\/\/www4352.vu.lt\/matematikos-olimpiados\/wp-content\/uploads\/2015\/11\/pasvalys2008s.pdf\">2008 m.<\/a>\u00a0\u00a0\u00a0\u00a0 <a href=\"http:\/\/mif.vu.lt\/matematikos-olimpiados\/wp-content\/uploads\/2023\/05\/pasvalys2007s.pdf\">2007 m.<\/a>\u00a0\u00a0\u00a0\u00a0\u00a0<a href=\"http:\/\/mif.vu.lt\/matematikos-olimpiados\/wp-content\/uploads\/2023\/05\/pasvalys2006s.pdf\">2006 m.<\/a>\u00a0\u00a0\u00a0\u00a0 <a href=\"https:\/\/www4352.vu.lt\/matematikos-olimpiados\/wp-content\/uploads\/2015\/11\/pasvalys2005s.pdf\">2005 m.<\/a>\u00a0\u00a0\u00a0\u00a0 <a href=\"https:\/\/www4352.vu.lt\/matematikos-olimpiados\/wp-content\/uploads\/2015\/11\/pasvalys2004s.pdf\">2004 m.<\/a>\u00a0\u00a0\u00a0\u00a0 <a href=\"http:\/\/mif.vu.lt\/matematikos-olimpiados\/wp-content\/uploads\/2023\/05\/pasvalys2003s.pdf\">2003 m.<\/a>\u00a0\u00a0\u00a0\u00a0 <a href=\"http:\/\/mif.vu.lt\/matematikos-olimpiados\/wp-content\/uploads\/2023\/05\/pasvalys2002s.pdf\">2002 m.<\/a>\u00a0\u00a0\u00a0\u00a0 <a href=\"http:\/\/mif.vu.lt\/matematikos-olimpiados\/wp-content\/uploads\/2023\/05\/pasvalys2001s.pdf\">2001 m.<\/a>\u00a0\u00a0\u00a0\u00a0 <a href=\"https:\/\/www4352.vu.lt\/matematikos-olimpiados\/wp-content\/uploads\/2015\/11\/pasvalys2000s.pdf\">2000 m.<\/a>\u00a0\u00a0\u00a0\u00a0 <a href=\"http:\/\/mif.vu.lt\/matematikos-olimpiados\/wp-content\/uploads\/2023\/05\/pasvalys1999s.pdf\">1999 m.<\/a><\/p>\n<p><strong>Rezultatai:<\/strong><\/p>\n<p><a href=\"https:\/\/www4352.vu.lt\/matematikos-olimpiados\/wp-content\/uploads\/2025\/11\/pasvalys2025r.pdf\">2025 m.<\/a>\u00a0 \u00a0 \u00a0<a href=\"https:\/\/www4352.vu.lt\/matematikos-olimpiados\/wp-content\/uploads\/2024\/11\/pasvalys2024r.pdf\">2024 m.<\/a>\u00a0 \u00a0 \u00a0<a href=\"https:\/\/www4352.vu.lt\/matematikos-olimpiados\/wp-content\/uploads\/2023\/11\/pasvalys2023r.pdf\">2023 m.<\/a>\u00a0 \u00a0 \u00a0<a href=\"https:\/\/www4352.vu.lt\/matematikos-olimpiados\/wp-content\/uploads\/2022\/11\/pasvalys2022r.pdf\">2022 m.<\/a>\u00a0 \u00a0 \u00a0<a href=\"https:\/\/www4352.vu.lt\/matematikos-olimpiados\/wp-content\/uploads\/2019\/11\/pasvalys2019r.pdf\">2019 m.<\/a>\u00a0\u00a0\u00a0\u00a0 <a href=\"https:\/\/www4352.vu.lt\/matematikos-olimpiados\/wp-content\/uploads\/2018\/11\/pasvalys2018r.pdf\">2018 m.<\/a>\u00a0\u00a0\u00a0\u00a0 <a href=\"https:\/\/www4352.vu.lt\/matematikos-olimpiados\/wp-content\/uploads\/2017\/11\/pasvalys2017r.pdf\">2017 m.<\/a>\u00a0\u00a0\u00a0\u00a0 <a href=\"https:\/\/www4352.vu.lt\/matematikos-olimpiados\/wp-content\/uploads\/2015\/11\/pasvalys2016r.pdf\">2016 m.<\/a>\u00a0\u00a0 \u00a0<a href=\"https:\/\/www4352.vu.lt\/matematikos-olimpiados\/wp-content\/uploads\/2015\/11\/pasvalys2015r.pdf\"> 2015 m.<\/a>\u00a0\u00a0\u00a0\u00a0\u00a0<a href=\"https:\/\/www4352.vu.lt\/matematikos-olimpiados\/wp-content\/uploads\/2015\/11\/pasvalys2014r.pdf\">2014 m.<\/a>\u00a0\u00a0\u00a0\u00a0 <a href=\"https:\/\/www4352.vu.lt\/matematikos-olimpiados\/wp-content\/uploads\/2015\/11\/pasvalys2013r.pdf\">2013 m.<\/a>\u00a0\u00a0\u00a0\u00a0 <a href=\"https:\/\/www4352.vu.lt\/matematikos-olimpiados\/wp-content\/uploads\/2015\/11\/pasvalys2012r.pdf\">2012 m.<\/a>\u00a0\u00a0\u00a0\u00a0 <a href=\"https:\/\/www4352.vu.lt\/matematikos-olimpiados\/wp-content\/uploads\/2015\/11\/pasvalys2011r.pdf\">2011 m.<\/a>\u00a0\u00a0\u00a0\u00a0 <a href=\"http:\/\/mif.vu.lt\/matematikos-olimpiados\/wp-content\/uploads\/2023\/05\/pasvalys2010r.pdf\">2010 m.<\/a>\u00a0\u00a0\u00a0\u00a0 <a href=\"http:\/\/mif.vu.lt\/matematikos-olimpiados\/wp-content\/uploads\/2023\/05\/pasvalys2009r.pdf\">2009 m.<\/a>\u00a0\u00a0\u00a0\u00a0 <a href=\"http:\/\/mif.vu.lt\/matematikos-olimpiados\/wp-content\/uploads\/2023\/05\/pasvalys2008r.pdf\">2008 m.<\/a>\u00a0\u00a0\u00a0\u00a0 <a href=\"https:\/\/www4352.vu.lt\/matematikos-olimpiados\/wp-content\/uploads\/2015\/11\/pasvalys2007r.pdf\">2007 m.<\/a>\u00a0\u00a0\u00a0\u00a0\u00a0<a href=\"https:\/\/www4352.vu.lt\/matematikos-olimpiados\/wp-content\/uploads\/2015\/11\/pasvalys2006r.pdf\">2006 m.<\/a>\u00a0\u00a0\u00a0 <a href=\"http:\/\/mif.vu.lt\/matematikos-olimpiados\/wp-content\/uploads\/2023\/05\/pasvalys2005r.pdf\">2005 m.<\/a>\u00a0\u00a0\u00a0\u00a0 <a href=\"http:\/\/mif.vu.lt\/matematikos-olimpiados\/wp-content\/uploads\/2023\/05\/pasvalys2004r.pdf\">2004 m.<\/a>\u00a0\u00a0\u00a0\u00a0 <a href=\"http:\/\/mif.vu.lt\/matematikos-olimpiados\/wp-content\/uploads\/2023\/05\/pasvalys2003r.pdf\">2003 m.<\/a>\u00a0\u00a0\u00a0\u00a0 <a href=\"http:\/\/mif.vu.lt\/matematikos-olimpiados\/wp-content\/uploads\/2023\/05\/pasvalys2002r.pdf\">2002 m.<\/a>\u00a0\u00a0\u00a0\u00a0 <a href=\"http:\/\/mif.vu.lt\/matematikos-olimpiados\/wp-content\/uploads\/2023\/05\/pasvalys2001r.pdf\">2001 m.<\/a>\u00a0\u00a0\u00a0\u00a0 <a href=\"http:\/\/mif.vu.lt\/matematikos-olimpiados\/wp-content\/uploads\/2023\/05\/pasvalys2000r.pdf\">2000 m.<\/a>\u00a0\u00a0\u00a0\u00a0 <a href=\"http:\/\/mif.vu.lt\/matematikos-olimpiados\/wp-content\/uploads\/2023\/05\/pasvalys1999r.pdf\">1999 m.<\/a><\/p>\n<p><img loading=\"lazy\" decoding=\"async\" class=\"alignleft wp-image-339\" src=\"https:\/\/www4352.vu.lt\/matematikos-olimpiados\/wp-content\/uploads\/2015\/11\/Pasv_07_4.jpg\" alt=\"Pasv_07_4\" width=\"450\" height=\"343\" srcset=\"https:\/\/www4352.vu.lt\/matematikos-olimpiados\/wp-content\/uploads\/2015\/11\/Pasv_07_4.jpg 800w, https:\/\/www4352.vu.lt\/matematikos-olimpiados\/wp-content\/uploads\/2015\/11\/Pasv_07_4-300x228.jpg 300w, https:\/\/www4352.vu.lt\/matematikos-olimpiados\/wp-content\/uploads\/2015\/11\/Pasv_07_4-768x585.jpg 768w\" sizes=\"auto, (max-width: 450px) 100vw, 450px\" \/><\/p>\n<p><i>2007 m. taur\u0117 atiteko panev\u0117\u017eie\u010diams; de\u0161in\u0117je taur\u0119 laiko prof. B. Grigelionis, laim\u0117tojus pristato doc. A. Apynis, taip pat stov\u0117j\u0119s prie olimpiados i\u0161tak\u0173<\/i><\/p>\n","protected":false},"excerpt":{"rendered":"<p>Pirmoji Pasvalio kra\u0161to komandin\u0117 matematikos olimpiada profesoriaus Broniaus Grigelionio taurei laim\u0117ti \u012fvyko 1999 m. lapkri\u010dio 26 d.\u00a0 Taur\u0117s steig\u0117jas, Pasvalio kra\u0161to Ici\u016bn\u0173 kaime gim\u0119s profesorius, akademikas Bronius Grigelionis (1935\u20132014) tokiais \u017eod\u017eiais kreip\u0117si \u012f dalyvius: Mieli jaunieji matematikai, Lietuva gars\u0117ja ne tik kaip poet\u0173, daininink\u0173 ar krep\u0161inink\u0173 \u0161alis, bet ir kaip matematik\u0173 \u0161alis. Matematin\u0117s tradicijos bus [&hellip;]<\/p>\n","protected":false},"author":3,"featured_media":0,"parent":281,"menu_order":0,"comment_status":"closed","ping_status":"closed","template":"","meta":{"footnotes":""},"class_list":["post-283","page","type-page","status-publish","hentry"],"_links":{"self":[{"href":"https:\/\/www4352.vu.lt\/matematikos-olimpiados\/wp-json\/wp\/v2\/pages\/283","targetHints":{"allow":["GET"]}}],"collection":[{"href":"https:\/\/www4352.vu.lt\/matematikos-olimpiados\/wp-json\/wp\/v2\/pages"}],"about":[{"href":"https:\/\/www4352.vu.lt\/matematikos-olimpiados\/wp-json\/wp\/v2\/types\/page"}],"author":[{"embeddable":true,"href":"https:\/\/www4352.vu.lt\/matematikos-olimpiados\/wp-json\/wp\/v2\/users\/3"}],"replies":[{"embeddable":true,"href":"https:\/\/www4352.vu.lt\/matematikos-olimpiados\/wp-json\/wp\/v2\/comments?post=283"}],"version-history":[{"count":9,"href":"https:\/\/www4352.vu.lt\/matematikos-olimpiados\/wp-json\/wp\/v2\/pages\/283\/revisions"}],"predecessor-version":[{"id":2052,"href":"https:\/\/www4352.vu.lt\/matematikos-olimpiados\/wp-json\/wp\/v2\/pages\/283\/revisions\/2052"}],"up":[{"embeddable":true,"href":"https:\/\/www4352.vu.lt\/matematikos-olimpiados\/wp-json\/wp\/v2\/pages\/281"}],"wp:attachment":[{"href":"https:\/\/www4352.vu.lt\/matematikos-olimpiados\/wp-json\/wp\/v2\/media?parent=283"}],"curies":[{"name":"wp","href":"https:\/\/api.w.org\/{rel}","templated":true}]}}