{"id":342,"date":"2015-11-13T17:01:11","date_gmt":"2015-11-13T19:01:11","guid":{"rendered":"http:\/\/matolimpiados.mif\/matematikosolimpiados\/?page_id=342"},"modified":"2025-11-28T21:50:52","modified_gmt":"2025-11-28T19:50:52","slug":"raseiniai","status":"publish","type":"page","link":"https:\/\/www4352.vu.lt\/matematikos-olimpiados\/regionai\/raseiniai\/","title":{"rendered":"Raseiniai"},"content":{"rendered":"<p><i><b>RASEINI\u0172 KRA\u0160TO OLIMPIADA PROFESORIAUS JONO KUBILIAUS TAUREI LAIM\u0116TI<\/b><\/i><\/p>\n<p>Vilniaus universiteto Matematikos ir informatikos fakulteto ry\u0161iai su Raseini\u0173 kra\u0161tu yra labai seni ir t\u0119siasi jau kone pus\u0119 am\u017eiaus. Jie prasid\u0117jo dar tada, kai ir pats fakultetas dar visaip kitaip vadinosi, nes jis buvo Matematikos ir mechanikos. Nuo to laiko daug svarbi\u0173 poky\u010di\u0173 \u012fvyko, o bendradarbiavimas i\u0161liko.<\/p>\n<p>Bendradarbiavimui ir ypa\u010d jo pl\u0117trai labai rod\u0117si tinkanti ir toji aplinkyb\u0117, kad Raseinija \u2013 tai ir ilgame\u010dio Vilniaus universiteto Rektoriaus ir matematiko Jono Kubiliaus gimtin\u0117. Kaip \u017einia, Vilniaus universitetas nuo 1986 met\u0173 vykdo Lietuvos komandin\u0119 mokini\u0173 matematikos olimpiad\u0105 profesoriaus Jono Kubiliaus \u012fsteigtai taurei laim\u0117ti. Apie 2000 metus toji \u012fsteigta taur\u0117, kuri nuo pat prad\u017ei\u0173 buvo \u012fteikiama nugal\u0117tojams ir kuri buvo i\u0161 pa\u017ei\u016bros labai kukli, neju\u010dia pakeista kur kas impozanti\u0161kesne ir \u017eymiai didesne. Neju\u010dia kilo klausimas, o kur b\u016bt\u0173 galima \u201e\u012fdarbinti\u201c t\u0105 ma\u017e\u0117lesn\u0119 taur\u0119, jau sp\u0117jusi\u0105 nuveikti daug gero&#8230; Taip bem\u0105stant, besiderinant ir besid\u0117liojant, 2000 metais ir radosi vadinamoji Kal\u0117din\u0117 Raseinijos kra\u0161to olimpiada profesoriaus Jono Kubiliaus taurei laim\u0117ti. Jos raseinieti\u0161kas adresas vis\u0105 laik\u0105 buvo dabartin\u0117 <a class=\"external-link\" href=\"http:\/\/raseiniugimnazija.lt\" target=\"_blank\" rel=\"noopener noreferrer\">Prezidento Jono \u017demai\u010dio gimnazija<\/a>, nuosekliai ir i\u0161tvermingai palaikiusi olimpiad\u0105 nuo pat pirm\u0173j\u0173 dien\u0173.<\/p>\n<p>Olimpiada yra skirta 9\u201310 klasi\u0173 (1\u20132 gimnazijos klasi\u0173) mokini\u0173 komandoms, sudarytoms i\u0161 dviej\u0173 de\u0161imtok\u0173 ir trij\u0173 devintok\u0173. Ji vis\u0105 laik\u0105 vyko ir kaip individualusis (de\u0161imtokams), ir kaip komandinis (trij\u0173 devintok\u0173 grup\u0117ms) matematini\u0173 j\u0117g\u0173 i\u0161bandymas. Did\u017eiausi\u0105 bendr\u0105 ta\u0161k\u0173 sum\u0105 per abi olimpiados dalis surink\u0119s mokini\u0173 penketukas laimi Taur\u0119.<\/p>\n<p>Tie, kas po matematini\u0173 var\u017eytuvi\u0173 n\u0117ra galutinai pavarg\u0119 ir turi noro bei j\u0117g\u0173, gali i\u0161bandyti save ir ekspromto forma vykstan\u010diose poetin\u0117se var\u017eytuv\u0117se. Pastaraisiais metais Raseinijos olimpiada d\u0117l \u012fvairi\u0173 nat\u016brali\u0173 aplinkybi\u0173 kartais keliasi i\u0161 gruod\u017eio \u012f ruden\u012f.<\/p>\n<p>Doc. Romualdas Ka\u0161uba<\/p>\n<p><strong>U\u017eduotys:<\/strong><\/p>\n<p><a href=\"https:\/\/www4352.vu.lt\/matematikos-olimpiados\/wp-content\/uploads\/2025\/11\/raseiniai2025.pdf\">2025 m.<\/a>\u00a0 \u00a0 \u00a0<a href=\"https:\/\/www4352.vu.lt\/matematikos-olimpiados\/wp-content\/uploads\/2024\/11\/raseiniai2024.pdf\">2024 m.<\/a>\u00a0 \u00a0 \u00a0<a href=\"https:\/\/www4352.vu.lt\/matematikos-olimpiados\/wp-content\/uploads\/2023\/12\/raseiniai2023.pdf\">2023 m.<\/a>\u00a0 \u00a0 \u00a0<a href=\"https:\/\/www4352.vu.lt\/matematikos-olimpiados\/wp-content\/uploads\/2022\/11\/raseiniai2022.pdf\">2022 m.<\/a>\u00a0 \u00a0 \u00a0<a href=\"https:\/\/www4352.vu.lt\/matematikos-olimpiados\/wp-content\/uploads\/2018\/12\/raseiniai2018.pdf\">2018 m.<\/a>\u00a0\u00a0\u00a0\u00a0 <a href=\"https:\/\/www4352.vu.lt\/matematikos-olimpiados\/wp-content\/uploads\/2017\/12\/raseiniai2017.pdf\">2017 m.<\/a>\u00a0\u00a0\u00a0\u00a0 <a href=\"https:\/\/www4352.vu.lt\/matematikos-olimpiados\/wp-content\/uploads\/2015\/11\/raseiniai2016.pdf\">2016 m.<\/a> \u00a0\u00a0 <a href=\"https:\/\/www4352.vu.lt\/matematikos-olimpiados\/wp-content\/uploads\/2015\/11\/raseiniai2015.pdf\">2015 m.<\/a> \u00a0\u00a0\u00a0 <a href=\"https:\/\/www4352.vu.lt\/matematikos-olimpiados\/wp-content\/uploads\/2015\/11\/raseiniai2014.pdf\">2014 m.<\/a> \u00a0\u00a0\u00a0 <a href=\"https:\/\/www4352.vu.lt\/matematikos-olimpiados\/wp-content\/uploads\/2015\/11\/raseiniai2013.pdf\">2013 m.<\/a> \u00a0\u00a0\u00a0 <a href=\"https:\/\/www4352.vu.lt\/matematikos-olimpiados\/wp-content\/uploads\/2015\/11\/raseiniai2012.pdf\">2012 m.<\/a> \u00a0\u00a0\u00a0 <a href=\"https:\/\/www4352.vu.lt\/matematikos-olimpiados\/wp-content\/uploads\/2015\/11\/raseiniai2011.pdf\">2011 m.<\/a> \u00a0\u00a0\u00a0 <a href=\"https:\/\/www4352.vu.lt\/matematikos-olimpiados\/wp-content\/uploads\/2015\/11\/raseiniai2010.pdf\">2010 m.<\/a> \u00a0\u00a0\u00a0 <a href=\"https:\/\/www4352.vu.lt\/matematikos-olimpiados\/wp-content\/uploads\/2015\/11\/raseiniai2009.pdf\">2009 m.<\/a> \u00a0\u00a0\u00a0 <a href=\"https:\/\/www4352.vu.lt\/matematikos-olimpiados\/wp-content\/uploads\/2015\/11\/raseiniai2008.pdf\">2008 m.<\/a>\u00a0\u00a0\u00a0\u00a0\u00a0<a href=\"https:\/\/www4352.vu.lt\/matematikos-olimpiados\/wp-content\/uploads\/2015\/11\/raseiniai2007.pdf\">2007 m.<\/a> \u00a0\u00a0\u00a0 <a href=\"https:\/\/www4352.vu.lt\/matematikos-olimpiados\/wp-content\/uploads\/2015\/11\/raseiniai2006.pdf\">2006 m.<\/a> \u00a0\u00a0\u00a0 <a href=\"https:\/\/www4352.vu.lt\/matematikos-olimpiados\/wp-content\/uploads\/2015\/11\/raseiniai2005.pdf\">2005 m.<\/a> \u00a0\u00a0\u00a0 <a href=\"https:\/\/www4352.vu.lt\/matematikos-olimpiados\/wp-content\/uploads\/2015\/11\/raseiniai2004.pdf\">2004 m.<\/a> \u00a0\u00a0\u00a0 <a href=\"https:\/\/www4352.vu.lt\/matematikos-olimpiados\/wp-content\/uploads\/2015\/11\/raseiniai2003.pdf\">2003 m.<\/a> \u00a0\u00a0\u00a0 <a href=\"https:\/\/www4352.vu.lt\/matematikos-olimpiados\/wp-content\/uploads\/2015\/11\/raseiniai2002.pdf\">2002 m.<\/a> \u00a0\u00a0\u00a0 <a href=\"https:\/\/www4352.vu.lt\/matematikos-olimpiados\/wp-content\/uploads\/2015\/11\/raseiniai2001.pdf\">2001 m.<\/a> \u00a0\u00a0\u00a0 <a href=\"https:\/\/www4352.vu.lt\/matematikos-olimpiados\/wp-content\/uploads\/2015\/11\/raseiniai2000.pdf\">2000 m.<\/a><\/p>\n<p><strong>U\u017eduotys, sprendimai:<\/strong><\/p>\n<p><a href=\"https:\/\/www4352.vu.lt\/matematikos-olimpiados\/wp-content\/uploads\/2025\/11\/raseiniai2025s.pdf\">2025 m.<\/a>\u00a0 \u00a0 \u00a0<a href=\"https:\/\/www4352.vu.lt\/matematikos-olimpiados\/wp-content\/uploads\/2024\/11\/raseiniai2024s.pdf\">2024 m.<\/a>\u00a0 \u00a0 \u00a0<a href=\"https:\/\/www4352.vu.lt\/matematikos-olimpiados\/wp-content\/uploads\/2023\/12\/raseiniai2023s.pdf\">2023 m.<\/a>\u00a0 \u00a0 \u00a0<a href=\"https:\/\/www4352.vu.lt\/matematikos-olimpiados\/wp-content\/uploads\/2022\/11\/raseiniai2022s.pdf\">2022 m.<\/a>\u00a0 \u00a0 \u00a0<a href=\"https:\/\/www4352.vu.lt\/matematikos-olimpiados\/wp-content\/uploads\/2019\/12\/raseiniai2019s.pdf\">2019 m.<\/a>\u00a0\u00a0\u00a0\u00a0 <a href=\"https:\/\/www4352.vu.lt\/matematikos-olimpiados\/wp-content\/uploads\/2018\/12\/raseiniai2018s.pdf\">2018 m.<\/a>\u00a0\u00a0\u00a0\u00a0 <a href=\"https:\/\/www4352.vu.lt\/matematikos-olimpiados\/wp-content\/uploads\/2017\/12\/raseiniai2017s.pdf\">2017 m.<\/a>\u00a0\u00a0\u00a0 <a href=\"https:\/\/www4352.vu.lt\/matematikos-olimpiados\/wp-content\/uploads\/2015\/11\/raseiniai2016s.pdf\">2016 m.<\/a>\u00a0\u00a0\u00a0\u00a0<a href=\"https:\/\/www4352.vu.lt\/matematikos-olimpiados\/wp-content\/uploads\/2015\/11\/raseiniai2015s.pdf\"> 2015 m.<\/a> \u00a0\u00a0\u00a0 <a href=\"https:\/\/www4352.vu.lt\/matematikos-olimpiados\/wp-content\/uploads\/2015\/11\/raseiniai2014s.pdf\">2014 m.<\/a> \u00a0\u00a0\u00a0 <a href=\"https:\/\/www4352.vu.lt\/matematikos-olimpiados\/wp-content\/uploads\/2015\/11\/raseiniai2013s.pdf\">2013 m.<\/a> \u00a0\u00a0\u00a0 <a href=\"https:\/\/www4352.vu.lt\/matematikos-olimpiados\/wp-content\/uploads\/2015\/11\/raseiniai2012s.pdf\">2012 m.<\/a> \u00a0\u00a0\u00a0 <a href=\"https:\/\/www4352.vu.lt\/matematikos-olimpiados\/wp-content\/uploads\/2015\/11\/raseiniai2011s.pdf\">2011 m.<\/a> \u00a0\u00a0\u00a0 <a href=\"https:\/\/www4352.vu.lt\/matematikos-olimpiados\/wp-content\/uploads\/2015\/11\/raseiniai2010s.pdf\">2010 m.<\/a> \u00a0\u00a0\u00a0 <a href=\"https:\/\/www4352.vu.lt\/matematikos-olimpiados\/wp-content\/uploads\/2015\/11\/raseiniai2009s.pdf\">2009 m.<\/a><\/p>\n","protected":false},"excerpt":{"rendered":"<p>RASEINI\u0172 KRA\u0160TO OLIMPIADA PROFESORIAUS JONO KUBILIAUS TAUREI LAIM\u0116TI Vilniaus universiteto Matematikos ir informatikos fakulteto ry\u0161iai su Raseini\u0173 kra\u0161tu yra labai seni ir t\u0119siasi jau kone pus\u0119 am\u017eiaus. Jie prasid\u0117jo dar tada, kai ir pats fakultetas dar visaip kitaip vadinosi, nes jis buvo Matematikos ir mechanikos. Nuo to laiko daug svarbi\u0173 poky\u010di\u0173 \u012fvyko, o bendradarbiavimas i\u0161liko. [&hellip;]<\/p>\n","protected":false},"author":3,"featured_media":0,"parent":281,"menu_order":0,"comment_status":"closed","ping_status":"closed","template":"","meta":{"footnotes":""},"class_list":["post-342","page","type-page","status-publish","hentry"],"_links":{"self":[{"href":"https:\/\/www4352.vu.lt\/matematikos-olimpiados\/wp-json\/wp\/v2\/pages\/342","targetHints":{"allow":["GET"]}}],"collection":[{"href":"https:\/\/www4352.vu.lt\/matematikos-olimpiados\/wp-json\/wp\/v2\/pages"}],"about":[{"href":"https:\/\/www4352.vu.lt\/matematikos-olimpiados\/wp-json\/wp\/v2\/types\/page"}],"author":[{"embeddable":true,"href":"https:\/\/www4352.vu.lt\/matematikos-olimpiados\/wp-json\/wp\/v2\/users\/3"}],"replies":[{"embeddable":true,"href":"https:\/\/www4352.vu.lt\/matematikos-olimpiados\/wp-json\/wp\/v2\/comments?post=342"}],"version-history":[{"count":8,"href":"https:\/\/www4352.vu.lt\/matematikos-olimpiados\/wp-json\/wp\/v2\/pages\/342\/revisions"}],"predecessor-version":[{"id":2056,"href":"https:\/\/www4352.vu.lt\/matematikos-olimpiados\/wp-json\/wp\/v2\/pages\/342\/revisions\/2056"}],"up":[{"embeddable":true,"href":"https:\/\/www4352.vu.lt\/matematikos-olimpiados\/wp-json\/wp\/v2\/pages\/281"}],"wp:attachment":[{"href":"https:\/\/www4352.vu.lt\/matematikos-olimpiados\/wp-json\/wp\/v2\/media?parent=342"}],"curies":[{"name":"wp","href":"https:\/\/api.w.org\/{rel}","templated":true}]}}