{"id":413,"date":"2015-11-13T17:17:24","date_gmt":"2015-11-13T19:17:24","guid":{"rendered":"http:\/\/matolimpiados.mif\/matematikosolimpiados\/?page_id=413"},"modified":"2025-12-12T11:39:45","modified_gmt":"2025-12-12T09:39:45","slug":"alytus","status":"publish","type":"page","link":"https:\/\/www4352.vu.lt\/matematikos-olimpiados\/regionai\/alytus\/","title":{"rendered":"Alytus"},"content":{"rendered":"<p><em><strong>Alytaus apskrities komandin\u0117 matematikos olimpiada mokytojo Kazio Klimavi\u010diaus taurei laim\u0117ti<\/strong><\/em> nuo 1995 met\u0173 kasmet vyksta \u012fvairiose Alytaus miesto, Alytaus rajono, Druskinink\u0173 miesto, Lazdij\u0173 ir Var\u0117nos rajon\u0173 mokyklose.\u00a0 Olimpiados iniciator\u0117 ir pirm\u0173j\u0173 olimpiad\u0173 organizator\u0117 buvo matematikos mokytoja ekspert\u0117 Maryt\u0117 Zenkevi\u010dien\u0117. Olimpiadoje dalyvauja Dz\u016bkijos mokykl\u0173 ir gimnazij\u0173 komandos, jos metu vyksta mokini\u0173 k\u016brybini\u0173 darb\u0173 konkursas. Olimpiados organizatoriai bendradarbiauja su Vilniaus universiteto matematikais, kurie dalyvauja olimpiados metu vykstan\u010diuose seminaruose mokytojams, rengia olimpiados u\u017edavinius, vertina komand\u0173 sprendimus, pirmininkauja mokini\u0173 k\u016brybini\u0173 darb\u0173 konkurso vertinimo komisijai.<\/p>\n<p>Olimpiada pagerbiamas \u017eymus Dz\u016bkijos kra\u0161to s\u016bnus, matematikas, mokytojas, knygne\u0161ys, \u0161vietimo organizatorius, matematikos vadov\u0117li\u0173 autorius Kazys Klimavi\u010dius (1886\u20131972). Savaranki\u0161kai pasiruo\u0161\u0119s, jis i\u0161laik\u0117 mokytojo egzaminus bei dirbo \u012fvairiose Dz\u016bkijos mokyklose, carin\u0117s okupacijos laikais dalyvavo lietuvi\u0173 draugij\u0173 veikloje, platino lietuvi\u0161k\u0105 spaud\u0105. Buvo vienas Alytaus gimnazijos steig\u0117j\u0173, kur\u012f laik\u0105 jai vadovavo, dirbo Alytaus \u0161vietimo skyriaus ved\u0117ju, Alytaus mokytoj\u0173 seminarijos direktoriumi. Buvo\u00a0 principingas, tiesus ir atviras, nem\u0117go melo ir neteisyb\u0117s, karo metais gelb\u0117jo \u017eydus, pokario laikais pad\u0117jo vald\u017eios persekiojamiems mokytojams ir mokiniams.\u00a0 Para\u0161\u0117 ir i\u0161leido trij\u0173 dali\u0173 matematikos vadov\u0117l\u012f (1933\u20131935), trij\u0173 dali\u0173 geometrijos vadov\u0117l\u012f (1938\u20131940), dar penkias matematikos knygeles, redagavo \u017eurnal\u0105 \u201eMokykla ir visuomen\u0117\u201c.<\/p>\n<p><strong>U\u017eduotys:<\/strong><\/p>\n<p><a href=\"https:\/\/www4352.vu.lt\/matematikos-olimpiados\/wp-content\/uploads\/2025\/12\/alytus2025.pdf\">2025 m.<\/a>\u00a0 \u00a0 \u00a0<a href=\"https:\/\/www4352.vu.lt\/matematikos-olimpiados\/wp-content\/uploads\/2024\/12\/alytus2024.pdf\">2024 m.<\/a>\u00a0 \u00a0 \u00a0<a href=\"https:\/\/www4352.vu.lt\/matematikos-olimpiados\/wp-content\/uploads\/2023\/12\/alytus2023.pdf\">2023 m.<\/a>\u00a0 \u00a0 \u00a0<a href=\"https:\/\/www4352.vu.lt\/matematikos-olimpiados\/wp-content\/uploads\/2022\/12\/alytus2022.pdf\">2022 m.<\/a>\u00a0 \u00a0 \u00a0<a href=\"https:\/\/www4352.vu.lt\/matematikos-olimpiados\/wp-content\/uploads\/2017\/12\/alytus2017.pdf\">2017 m.<\/a>\u00a0\u00a0\u00a0\u00a0 <a href=\"https:\/\/www4352.vu.lt\/matematikos-olimpiados\/wp-content\/uploads\/2015\/11\/alytus2016.pdf\">2016 m.<\/a> \u00a0 \u00a0 <a href=\"https:\/\/www4352.vu.lt\/matematikos-olimpiados\/wp-content\/uploads\/2015\/11\/alytus2015.pdf\">2015 m.<\/a> \u00a0\u00a0\u00a0 <a href=\"https:\/\/www4352.vu.lt\/matematikos-olimpiados\/wp-content\/uploads\/2015\/11\/alytus2014.pdf\">2014 m.<\/a> \u00a0\u00a0\u00a0 <a href=\"https:\/\/www4352.vu.lt\/matematikos-olimpiados\/wp-content\/uploads\/2015\/11\/alytus2013.pdf\">2013 m.<\/a> \u00a0\u00a0\u00a0 <a href=\"https:\/\/www4352.vu.lt\/matematikos-olimpiados\/wp-content\/uploads\/2015\/11\/alytus2012.pdf\">2012 m.<\/a> \u00a0\u00a0\u00a0 <a href=\"https:\/\/www4352.vu.lt\/matematikos-olimpiados\/wp-content\/uploads\/2015\/11\/alytus2011.pdf\">2011 m.<\/a> \u00a0\u00a0\u00a0 <a href=\"https:\/\/www4352.vu.lt\/matematikos-olimpiados\/wp-content\/uploads\/2015\/11\/alytus2009.pdf\">2009 m.<\/a> \u00a0\u00a0\u00a0 <a href=\"https:\/\/www4352.vu.lt\/matematikos-olimpiados\/wp-content\/uploads\/2015\/11\/alytus2008.pdf\">2008 m.<\/a> \u00a0\u00a0\u00a0 <a href=\"https:\/\/www4352.vu.lt\/matematikos-olimpiados\/wp-content\/uploads\/2015\/11\/alytus2007.pdf\">2007 m.<\/a> \u00a0\u00a0\u00a0 <a href=\"https:\/\/www4352.vu.lt\/matematikos-olimpiados\/wp-content\/uploads\/2015\/11\/alytus2006.pdf\">2006 m.<\/a><\/p>\n<p><strong>Sprendimai:<\/strong><\/p>\n<p><a href=\"https:\/\/www4352.vu.lt\/matematikos-olimpiados\/wp-content\/uploads\/2025\/12\/alytus2025s.pdf\">2025 m.<\/a>\u00a0 \u00a0 \u00a0<a href=\"https:\/\/www4352.vu.lt\/matematikos-olimpiados\/wp-content\/uploads\/2024\/12\/alytus2024s.pdf\">2024 m.<\/a>\u00a0 \u00a0 \u00a0<a href=\"https:\/\/www4352.vu.lt\/matematikos-olimpiados\/wp-content\/uploads\/2023\/12\/alytus2023s.pdf\">2023 m.<\/a>\u00a0 \u00a0 \u00a0<a href=\"https:\/\/www4352.vu.lt\/matematikos-olimpiados\/wp-content\/uploads\/2022\/12\/alytus2022s.pdf\">2022 m.<\/a>\u00a0 \u00a0 \u00a0<a href=\"https:\/\/www4352.vu.lt\/matematikos-olimpiados\/wp-content\/uploads\/2017\/12\/alytus2017s.pdf\">2017 m.<\/a>\u00a0\u00a0\u00a0\u00a0 <a href=\"https:\/\/www4352.vu.lt\/matematikos-olimpiados\/wp-content\/uploads\/2015\/11\/alytus2016s.pdf\">2016 m.<\/a> \u00a0\u00a0\u00a0 <a href=\"https:\/\/www4352.vu.lt\/matematikos-olimpiados\/wp-content\/uploads\/2015\/11\/alytus2015s.pdf\">2015 m.<\/a> \u00a0\u00a0\u00a0 <a href=\"https:\/\/www4352.vu.lt\/matematikos-olimpiados\/wp-content\/uploads\/2015\/11\/alytus2014s.pdf\">2014 m.<\/a> \u00a0\u00a0\u00a0 <a href=\"https:\/\/www4352.vu.lt\/matematikos-olimpiados\/wp-content\/uploads\/2015\/11\/alytus2013s.pdf\">2013 m.<\/a> \u00a0\u00a0\u00a0 <a href=\"https:\/\/www4352.vu.lt\/matematikos-olimpiados\/wp-content\/uploads\/2015\/11\/alytus2012s.pdf\">2012 m.<\/a> \u00a0\u00a0\u00a0 <a href=\"https:\/\/www4352.vu.lt\/matematikos-olimpiados\/wp-content\/uploads\/2015\/11\/alytus2011s.pdf\">2011 m.<\/a> \u00a0\u00a0\u00a0 <a href=\"https:\/\/www4352.vu.lt\/matematikos-olimpiados\/wp-content\/uploads\/2015\/11\/alytus2009s.pdf\">2009 m.<\/a> \u00a0\u00a0\u00a0 <a href=\"https:\/\/www4352.vu.lt\/matematikos-olimpiados\/wp-content\/uploads\/2015\/11\/alytus2008s.pdf\">2008 m.<\/a> \u00a0\u00a0\u00a0 <a href=\"https:\/\/www4352.vu.lt\/matematikos-olimpiados\/wp-content\/uploads\/2015\/11\/alytus2007s.pdf\">2007 m.<\/a> \u00a0\u00a0\u00a0 <a href=\"https:\/\/www4352.vu.lt\/matematikos-olimpiados\/wp-content\/uploads\/2015\/11\/alytus2006s.pdf\">2006 m.<\/a><\/p>\n<p><strong>Rezultatai:<\/strong><\/p>\n<p><a href=\"https:\/\/www4352.vu.lt\/matematikos-olimpiados\/wp-content\/uploads\/2025\/12\/alytus2025r.pdf\">2025 m.<\/a>\u00a0 \u00a0 \u00a0<a href=\"https:\/\/www4352.vu.lt\/matematikos-olimpiados\/wp-content\/uploads\/2024\/12\/alytus2024r.pdf\">2024 m.<\/a>\u00a0 \u00a0 \u00a0<a href=\"https:\/\/www4352.vu.lt\/matematikos-olimpiados\/wp-content\/uploads\/2023\/12\/alytus2023r.pdf\">2023 m.<\/a>\u00a0 \u00a0 \u00a0<a href=\"https:\/\/www4352.vu.lt\/matematikos-olimpiados\/wp-content\/uploads\/2022\/12\/alytus2022r.pdf\">2022 m.<\/a>\u00a0 \u00a0 \u00a0<a href=\"https:\/\/www4352.vu.lt\/matematikos-olimpiados\/wp-content\/uploads\/2017\/12\/alytus2017r.pdf\">2017 m.<\/a>\u00a0\u00a0\u00a0\u00a0 <a href=\"https:\/\/www4352.vu.lt\/matematikos-olimpiados\/wp-content\/uploads\/2015\/11\/alytus2016r.pdf\">2016 m.<\/a> \u00a0\u00a0\u00a0 <a href=\"https:\/\/www4352.vu.lt\/matematikos-olimpiados\/wp-content\/uploads\/2015\/11\/alytus2015r.pdf\">2015 m.<\/a> \u00a0\u00a0\u00a0 <a href=\"https:\/\/www4352.vu.lt\/matematikos-olimpiados\/wp-content\/uploads\/2015\/11\/alytus2014r.pdf\">2014 m.<\/a>\u00a0\u00a0\u00a0\u00a0 <a href=\"https:\/\/www4352.vu.lt\/matematikos-olimpiados\/wp-content\/uploads\/2015\/11\/alytus2013r.jpg\">2013 m.<\/a>\u00a0\u00a0\u00a0\u00a0 <a href=\"https:\/\/www4352.vu.lt\/matematikos-olimpiados\/wp-content\/uploads\/2015\/11\/alytus2012r.jpg\">2012 m.<\/a>\u00a0\u00a0\u00a0\u00a0 <a href=\"https:\/\/www4352.vu.lt\/matematikos-olimpiados\/wp-content\/uploads\/2015\/11\/alytus2011r.jpg\">2011 m.<\/a>\u00a0\u00a0\u00a0\u00a0 <a href=\"https:\/\/www4352.vu.lt\/matematikos-olimpiados\/wp-content\/uploads\/2015\/11\/alytus2009r.pdf\">2009 m.<\/a> \u00a0\u00a0\u00a0 <a href=\"https:\/\/www4352.vu.lt\/matematikos-olimpiados\/wp-content\/uploads\/2015\/11\/alytus2008r.pdf\">2008 m.<\/a> \u00a0\u00a0\u00a0 <a href=\"https:\/\/www4352.vu.lt\/matematikos-olimpiados\/wp-content\/uploads\/2015\/11\/alytus2007r.pdf\">2007 m.<\/a> \u00a0\u00a0\u00a0 <a href=\"https:\/\/www4352.vu.lt\/matematikos-olimpiados\/wp-content\/uploads\/2015\/11\/alytus2006r.pdf\">2006 m.<\/a><\/p>\n","protected":false},"excerpt":{"rendered":"<p>Alytaus apskrities komandin\u0117 matematikos olimpiada mokytojo Kazio Klimavi\u010diaus taurei laim\u0117ti nuo 1995 met\u0173 kasmet vyksta \u012fvairiose Alytaus miesto, Alytaus rajono, Druskinink\u0173 miesto, Lazdij\u0173 ir Var\u0117nos rajon\u0173 mokyklose.\u00a0 Olimpiados iniciator\u0117 ir pirm\u0173j\u0173 olimpiad\u0173 organizator\u0117 buvo matematikos mokytoja ekspert\u0117 Maryt\u0117 Zenkevi\u010dien\u0117. Olimpiadoje dalyvauja Dz\u016bkijos mokykl\u0173 ir gimnazij\u0173 komandos, jos metu vyksta mokini\u0173 k\u016brybini\u0173 darb\u0173 konkursas. Olimpiados organizatoriai [&hellip;]<\/p>\n","protected":false},"author":3,"featured_media":0,"parent":281,"menu_order":0,"comment_status":"closed","ping_status":"closed","template":"","meta":{"footnotes":""},"class_list":["post-413","page","type-page","status-publish","hentry"],"_links":{"self":[{"href":"https:\/\/www4352.vu.lt\/matematikos-olimpiados\/wp-json\/wp\/v2\/pages\/413","targetHints":{"allow":["GET"]}}],"collection":[{"href":"https:\/\/www4352.vu.lt\/matematikos-olimpiados\/wp-json\/wp\/v2\/pages"}],"about":[{"href":"https:\/\/www4352.vu.lt\/matematikos-olimpiados\/wp-json\/wp\/v2\/types\/page"}],"author":[{"embeddable":true,"href":"https:\/\/www4352.vu.lt\/matematikos-olimpiados\/wp-json\/wp\/v2\/users\/3"}],"replies":[{"embeddable":true,"href":"https:\/\/www4352.vu.lt\/matematikos-olimpiados\/wp-json\/wp\/v2\/comments?post=413"}],"version-history":[{"count":6,"href":"https:\/\/www4352.vu.lt\/matematikos-olimpiados\/wp-json\/wp\/v2\/pages\/413\/revisions"}],"predecessor-version":[{"id":2070,"href":"https:\/\/www4352.vu.lt\/matematikos-olimpiados\/wp-json\/wp\/v2\/pages\/413\/revisions\/2070"}],"up":[{"embeddable":true,"href":"https:\/\/www4352.vu.lt\/matematikos-olimpiados\/wp-json\/wp\/v2\/pages\/281"}],"wp:attachment":[{"href":"https:\/\/www4352.vu.lt\/matematikos-olimpiados\/wp-json\/wp\/v2\/media?parent=413"}],"curies":[{"name":"wp","href":"https:\/\/api.w.org\/{rel}","templated":true}]}}