{"id":442,"date":"2015-11-13T17:38:55","date_gmt":"2015-11-13T19:38:55","guid":{"rendered":"http:\/\/matolimpiados.mif\/matematikosolimpiados\/?page_id=442"},"modified":"2025-12-09T19:29:55","modified_gmt":"2025-12-09T17:29:55","slug":"marijampole","status":"publish","type":"page","link":"https:\/\/www4352.vu.lt\/matematikos-olimpiados\/regionai\/marijampole\/","title":{"rendered":"Marijampol\u0117"},"content":{"rendered":"<p><em><strong>S\u016aDUVOS KRA\u0160TO GIMNAZIJ\u0172 MATEMATIKOS OLIMPIADA<\/strong><\/em><\/p>\n<p>Konkursas kasmet gruod\u012f vyksta Marijampol\u0117s Rygi\u0161ki\u0173 Jono gimnazijoje.<\/p>\n<p><strong>U\u017eduotys:<\/strong><\/p>\n<p><a href=\"https:\/\/www4352.vu.lt\/matematikos-olimpiados\/wp-content\/uploads\/2025\/12\/Marijampole2025.pdf\">2025 m.<\/a>\u00a0 \u00a0 \u00a0<a href=\"https:\/\/www4352.vu.lt\/matematikos-olimpiados\/wp-content\/uploads\/2018\/12\/marijampole2018.pdf\">2018 m.<\/a> \u00a0\u00a0\u00a0 <a href=\"https:\/\/www4352.vu.lt\/matematikos-olimpiados\/wp-content\/uploads\/2017\/12\/marijampole2017.pdf\">2017 m.<\/a>\u00a0\u00a0\u00a0\u00a0 <a href=\"https:\/\/www4352.vu.lt\/matematikos-olimpiados\/wp-content\/uploads\/2015\/11\/marijampole2016.pdf\">2016 m.<\/a>\u00a0\u00a0\u00a0\u00a0\u00a0<a href=\"https:\/\/www4352.vu.lt\/matematikos-olimpiados\/wp-content\/uploads\/2015\/11\/marijampole2015.pdf\">2015 m.<\/a> \u00a0\u00a0\u00a0 <a href=\"https:\/\/www4352.vu.lt\/matematikos-olimpiados\/wp-content\/uploads\/2015\/11\/marijampole2014.pdf\">2014 m.<\/a> \u00a0\u00a0\u00a0 <a href=\"https:\/\/www4352.vu.lt\/matematikos-olimpiados\/wp-content\/uploads\/2015\/11\/marijampole2013.pdf\">2013 m.<\/a> \u00a0\u00a0\u00a0 <a href=\"https:\/\/www4352.vu.lt\/matematikos-olimpiados\/wp-content\/uploads\/2015\/11\/marijampole2012.pdf\">2012 m.<\/a> \u00a0\u00a0\u00a0 <a href=\"https:\/\/www4352.vu.lt\/matematikos-olimpiados\/wp-content\/uploads\/2015\/11\/marijampole2011.pdf\">2011 m.<\/a> \u00a0\u00a0\u00a0 <a href=\"https:\/\/www4352.vu.lt\/matematikos-olimpiados\/wp-content\/uploads\/2015\/11\/marijampole2010.pdf\">2010 m.<\/a> \u00a0\u00a0\u00a0\u00a0 <a href=\"https:\/\/www4352.vu.lt\/matematikos-olimpiados\/wp-content\/uploads\/2015\/11\/marijampole2009.pdf\">2009 m.<\/a><\/p>\n<p><strong>U\u017eduotys, sprendimai:<\/strong><\/p>\n<div>\n<p><a href=\"https:\/\/www4352.vu.lt\/matematikos-olimpiados\/wp-content\/uploads\/2025\/12\/Marijampole2025s.pdf\">2025 m.<\/a>\u00a0 \u00a0 \u00a0<a href=\"https:\/\/www4352.vu.lt\/matematikos-olimpiados\/wp-content\/uploads\/2023\/12\/marijampole2023s.pdf\">2023 m.<\/a>\u00a0 \u00a0 \u00a0<a href=\"https:\/\/www4352.vu.lt\/matematikos-olimpiados\/wp-content\/uploads\/2022\/12\/marijampole2022s1.pdf\">2022 m.<\/a> (ruduo)\u00a0 \u00a0\u00a0 <a href=\"https:\/\/www4352.vu.lt\/matematikos-olimpiados\/wp-content\/uploads\/2022\/08\/marijampole2022s.pdf\">2022 m.<\/a> (pavasaris)\u00a0 \u00a0\u00a0 <a href=\"https:\/\/www4352.vu.lt\/matematikos-olimpiados\/wp-content\/uploads\/2019\/12\/marijampole2019s.pdf\">2019 m.<\/a>\u00a0\u00a0\u00a0\u00a0 <a href=\"https:\/\/www4352.vu.lt\/matematikos-olimpiados\/wp-content\/uploads\/2018\/12\/marijampole2018s.pdf\">2018 m.<\/a>\u00a0\u00a0\u00a0\u00a0 <a href=\"https:\/\/www4352.vu.lt\/matematikos-olimpiados\/wp-content\/uploads\/2017\/12\/marijampole2017s.pdf\">2017 m.<\/a>\u00a0\u00a0\u00a0\u00a0 <a href=\"https:\/\/www4352.vu.lt\/matematikos-olimpiados\/wp-content\/uploads\/2015\/11\/marijampole2016s.pdf\">2016 m.<\/a>\u00a0\u00a0\u00a0\u00a0<a href=\"https:\/\/www4352.vu.lt\/matematikos-olimpiados\/wp-content\/uploads\/2015\/11\/marijampole2015s.pdf\"> 2015 m.<\/a> \u00a0\u00a0\u00a0 <a href=\"https:\/\/www4352.vu.lt\/matematikos-olimpiados\/wp-content\/uploads\/2015\/11\/marijampole_s.pdf\">2009-2014 m.<\/a><\/p>\n<p>2006 m. kitame Suvalkijos mieste \u2013 Gelgaudi\u0161kyje \u2013 vyko Zanavykijos matematikos <a href=\"https:\/\/www4352.vu.lt\/matematikos-olimpiados\/wp-content\/uploads\/2015\/11\/zanav06.jpg\">olimpiada<\/a><\/p>\n<\/div>\n","protected":false},"excerpt":{"rendered":"<p>S\u016aDUVOS KRA\u0160TO GIMNAZIJ\u0172 MATEMATIKOS OLIMPIADA Konkursas kasmet gruod\u012f vyksta Marijampol\u0117s Rygi\u0161ki\u0173 Jono gimnazijoje. U\u017eduotys: 2025 m.\u00a0 \u00a0 \u00a02018 m. \u00a0\u00a0\u00a0 2017 m.\u00a0\u00a0\u00a0\u00a0 2016 m.\u00a0\u00a0\u00a0\u00a0\u00a02015 m. \u00a0\u00a0\u00a0 2014 m. \u00a0\u00a0\u00a0 2013 m. \u00a0\u00a0\u00a0 2012 m. \u00a0\u00a0\u00a0 2011 m. \u00a0\u00a0\u00a0 2010 m. \u00a0\u00a0\u00a0\u00a0 2009 m. U\u017eduotys, sprendimai: 2025 m.\u00a0 \u00a0 \u00a02023 m.\u00a0 \u00a0 \u00a02022 m. (ruduo)\u00a0 \u00a0\u00a0 [&hellip;]<\/p>\n","protected":false},"author":3,"featured_media":0,"parent":281,"menu_order":0,"comment_status":"closed","ping_status":"closed","template":"","meta":{"footnotes":""},"class_list":["post-442","page","type-page","status-publish","hentry"],"_links":{"self":[{"href":"https:\/\/www4352.vu.lt\/matematikos-olimpiados\/wp-json\/wp\/v2\/pages\/442","targetHints":{"allow":["GET"]}}],"collection":[{"href":"https:\/\/www4352.vu.lt\/matematikos-olimpiados\/wp-json\/wp\/v2\/pages"}],"about":[{"href":"https:\/\/www4352.vu.lt\/matematikos-olimpiados\/wp-json\/wp\/v2\/types\/page"}],"author":[{"embeddable":true,"href":"https:\/\/www4352.vu.lt\/matematikos-olimpiados\/wp-json\/wp\/v2\/users\/3"}],"replies":[{"embeddable":true,"href":"https:\/\/www4352.vu.lt\/matematikos-olimpiados\/wp-json\/wp\/v2\/comments?post=442"}],"version-history":[{"count":4,"href":"https:\/\/www4352.vu.lt\/matematikos-olimpiados\/wp-json\/wp\/v2\/pages\/442\/revisions"}],"predecessor-version":[{"id":2067,"href":"https:\/\/www4352.vu.lt\/matematikos-olimpiados\/wp-json\/wp\/v2\/pages\/442\/revisions\/2067"}],"up":[{"embeddable":true,"href":"https:\/\/www4352.vu.lt\/matematikos-olimpiados\/wp-json\/wp\/v2\/pages\/281"}],"wp:attachment":[{"href":"https:\/\/www4352.vu.lt\/matematikos-olimpiados\/wp-json\/wp\/v2\/media?parent=442"}],"curies":[{"name":"wp","href":"https:\/\/api.w.org\/{rel}","templated":true}]}}