{"id":574,"date":"2016-01-28T13:05:31","date_gmt":"2016-01-28T15:05:31","guid":{"rendered":"http:\/\/mif.vu.lt\/matematikos-olimpiados\/?page_id=574"},"modified":"2026-03-10T19:08:34","modified_gmt":"2026-03-10T17:08:34","slug":"mif","status":"publish","type":"page","link":"https:\/\/www4352.vu.lt\/matematikos-olimpiados\/mif\/","title":{"rendered":"VU MIF olimpiada"},"content":{"rendered":"<p>2026 m. kovo 7 d. \u012fvyko devintoji VU Matematikos ir informatikos fakulteto matematikos olimpiada. Jos nugal\u0117tojais tapo <strong>Robertas Savickis<\/strong>\u00a0(Vilniaus lic\u0117jus, 9 kl.), <strong>Nikita Mini\u010dius<\/strong> (Vilniaus lic\u0117jus<span dir=\"ltr\" role=\"presentation\">, 9 kl.<\/span>),<strong> Kristupas \u010ciurlionis <\/strong>(Vilniaus j\u0117zuit\u0173 gimnazija, 10 kl.), <strong>Pijus Piekus<\/strong> (Vilniaus lic\u0117jus, 11 kl.), <strong>Augustas Kurlavi\u010dius<\/strong> (KTU gimnazija, 12 kl.), <strong>Arijus Paulavi\u010dius<\/strong> (Vilniaus j\u0117zuit\u0173 gimnazija, 10 kl., 12 klas\u0117s grup\u0117je), <strong>Aleksandras Zubkovas <\/strong>(KTU gimnazija, 12 kl.). Sveikiname!<\/p>\n<p><strong>U\u017eduotys:<\/strong><\/p>\n<p><a href=\"https:\/\/www4352.vu.lt\/matematikos-olimpiados\/wp-content\/uploads\/2026\/03\/VUMIF26.pdf\">2026 m.<\/a>\u00a0 \u00a0 \u00a0<a href=\"https:\/\/www4352.vu.lt\/matematikos-olimpiados\/wp-content\/uploads\/2025\/03\/VUMIF25.pdf\">2025 m.<\/a>\u00a0 \u00a0 \u00a0<a href=\"https:\/\/www4352.vu.lt\/matematikos-olimpiados\/wp-content\/uploads\/2024\/03\/VUMIF24.pdf\">2024 m.<\/a>\u00a0 \u00a0 \u00a0<a href=\"https:\/\/www4352.vu.lt\/matematikos-olimpiados\/wp-content\/uploads\/2023\/03\/VUMIF23.pdf\">2023 m.<\/a>\u00a0\u00a0 \u00a0 <a href=\"https:\/\/www4352.vu.lt\/matematikos-olimpiados\/wp-content\/uploads\/2022\/03\/VUMIF22.pdf\">2022 m.<\/a>\u00a0\u00a0\u00a0\u00a0 <a href=\"https:\/\/www4352.vu.lt\/matematikos-olimpiados\/wp-content\/uploads\/2019\/03\/VUMIF19.pdf\">2019 m.<\/a>\u00a0\u00a0\u00a0\u00a0 <a href=\"https:\/\/www4352.vu.lt\/matematikos-olimpiados\/wp-content\/uploads\/2018\/03\/VUMIF18.pdf\">2018 m.<\/a>\u00a0\u00a0\u00a0\u00a0 <a href=\"https:\/\/www4352.vu.lt\/matematikos-olimpiados\/wp-content\/uploads\/2016\/01\/VUMIF17.pdf\">2017 m.<\/a> \u00a0\u00a0\u00a0 <a href=\"https:\/\/www4352.vu.lt\/matematikos-olimpiados\/wp-content\/uploads\/2016\/01\/VUMIF16.pdf\" rel=\"\">2016 m.<\/a><\/p>\n<p><strong>Sprendimai:<\/strong><\/p>\n<p><a href=\"https:\/\/www4352.vu.lt\/matematikos-olimpiados\/wp-content\/uploads\/2026\/03\/VUMIF26s.pdf\">2026 m.<\/a>\u00a0 \u00a0 \u00a0<a href=\"https:\/\/www4352.vu.lt\/matematikos-olimpiados\/wp-content\/uploads\/2025\/03\/VUMIF25s.pdf\">2025 m.<\/a>\u00a0 \u00a0 \u00a0<a href=\"https:\/\/www4352.vu.lt\/matematikos-olimpiados\/wp-content\/uploads\/2024\/03\/VUMIF24s.pdf\">2024 m.<\/a>\u00a0 \u00a0 \u00a0<a href=\"https:\/\/www4352.vu.lt\/matematikos-olimpiados\/wp-content\/uploads\/2023\/03\/VUMIF23s.pdf\">2023 m.<\/a>\u00a0 \u00a0 \u00a0<a href=\"https:\/\/www4352.vu.lt\/matematikos-olimpiados\/wp-content\/uploads\/2022\/03\/VUMIF22s.pdf\">2022 m.<\/a>\u00a0 \u00a0 \u00a0<a href=\"https:\/\/www4352.vu.lt\/matematikos-olimpiados\/wp-content\/uploads\/2019\/03\/VUMIF19s.pdf\">2019 m.<\/a>\u00a0\u00a0\u00a0\u00a0 <a href=\"https:\/\/www4352.vu.lt\/matematikos-olimpiados\/wp-content\/uploads\/2018\/03\/VUMIF18s.pdf\">2018 m.<\/a>\u00a0\u00a0\u00a0\u00a0 <a href=\"https:\/\/www4352.vu.lt\/matematikos-olimpiados\/wp-content\/uploads\/2016\/01\/VUMIF17s.pdf\">2017 m.<\/a>\u00a0\u00a0\u00a0\u00a0 <a href=\"https:\/\/www4352.vu.lt\/matematikos-olimpiados\/wp-content\/uploads\/2016\/01\/VUMIF16s.pdf\" rel=\"\">2016 m.<\/a><\/p>\n<p><strong>Rezultatai:<\/strong><\/p>\n<p><a href=\"https:\/\/www4352.vu.lt\/matematikos-olimpiados\/wp-content\/uploads\/2026\/03\/VUMIF26r.pdf\">2026 m.<\/a>\u00a0 \u00a0 \u00a0<a href=\"https:\/\/www4352.vu.lt\/matematikos-olimpiados\/wp-content\/uploads\/2025\/03\/VUMIF25r.pdf\">2025 m.<\/a>\u00a0 \u00a0 \u00a0<a href=\"https:\/\/www4352.vu.lt\/matematikos-olimpiados\/wp-content\/uploads\/2024\/03\/VUMIF24r.pdf\">2024 m.<\/a>\u00a0 \u00a0 \u00a0<a href=\"https:\/\/www4352.vu.lt\/matematikos-olimpiados\/wp-content\/uploads\/2023\/03\/VUMIF23r.pdf\">2023 m.<\/a>\u00a0 \u00a0\u00a0 <a href=\"https:\/\/www4352.vu.lt\/matematikos-olimpiados\/wp-content\/uploads\/2023\/03\/VUMIF22r.pdf\">2022 m.<\/a>\u00a0 \u00a0\u00a0 <a href=\"https:\/\/www4352.vu.lt\/matematikos-olimpiados\/wp-content\/uploads\/2019\/03\/VUMIF19r.pdf\">2019 m.<\/a>\u00a0\u00a0\u00a0\u00a0 <a href=\"https:\/\/www4352.vu.lt\/matematikos-olimpiados\/wp-content\/uploads\/2018\/03\/VUMIF18r.pdf\">2018 m.<\/a>\u00a0\u00a0\u00a0\u00a0 <a href=\"https:\/\/www4352.vu.lt\/matematikos-olimpiados\/wp-content\/uploads\/2016\/01\/VUMIF17r.pdf\">2017 m.<\/a>\u00a0\u00a0\u00a0\u00a0 <a href=\"https:\/\/www4352.vu.lt\/matematikos-olimpiados\/wp-content\/uploads\/2016\/01\/VUMIF16r.pdf\" rel=\"\">2016 m.<\/a><\/p>\n","protected":false},"excerpt":{"rendered":"<p>2026 m. kovo 7 d. \u012fvyko devintoji VU Matematikos ir informatikos fakulteto matematikos olimpiada. Jos nugal\u0117tojais tapo Robertas Savickis\u00a0(Vilniaus lic\u0117jus, 9 kl.), Nikita Mini\u010dius (Vilniaus lic\u0117jus, 9 kl.), Kristupas \u010ciurlionis (Vilniaus j\u0117zuit\u0173 gimnazija, 10 kl.), Pijus Piekus (Vilniaus lic\u0117jus, 11 kl.), Augustas Kurlavi\u010dius (KTU gimnazija, 12 kl.), Arijus Paulavi\u010dius (Vilniaus j\u0117zuit\u0173 gimnazija, 10 kl., 12 [&hellip;]<\/p>\n","protected":false},"author":3,"featured_media":0,"parent":0,"menu_order":0,"comment_status":"closed","ping_status":"closed","template":"","meta":{"footnotes":""},"class_list":["post-574","page","type-page","status-publish","hentry"],"_links":{"self":[{"href":"https:\/\/www4352.vu.lt\/matematikos-olimpiados\/wp-json\/wp\/v2\/pages\/574","targetHints":{"allow":["GET"]}}],"collection":[{"href":"https:\/\/www4352.vu.lt\/matematikos-olimpiados\/wp-json\/wp\/v2\/pages"}],"about":[{"href":"https:\/\/www4352.vu.lt\/matematikos-olimpiados\/wp-json\/wp\/v2\/types\/page"}],"author":[{"embeddable":true,"href":"https:\/\/www4352.vu.lt\/matematikos-olimpiados\/wp-json\/wp\/v2\/users\/3"}],"replies":[{"embeddable":true,"href":"https:\/\/www4352.vu.lt\/matematikos-olimpiados\/wp-json\/wp\/v2\/comments?post=574"}],"version-history":[{"count":31,"href":"https:\/\/www4352.vu.lt\/matematikos-olimpiados\/wp-json\/wp\/v2\/pages\/574\/revisions"}],"predecessor-version":[{"id":2094,"href":"https:\/\/www4352.vu.lt\/matematikos-olimpiados\/wp-json\/wp\/v2\/pages\/574\/revisions\/2094"}],"wp:attachment":[{"href":"https:\/\/www4352.vu.lt\/matematikos-olimpiados\/wp-json\/wp\/v2\/media?parent=574"}],"curies":[{"name":"wp","href":"https:\/\/api.w.org\/{rel}","templated":true}]}}