{"id":58,"date":"2015-11-13T08:52:05","date_gmt":"2015-11-13T10:52:05","guid":{"rendered":"http:\/\/matolimpiados.mif\/matematikosolimpiados\/?page_id=58"},"modified":"2025-09-27T18:44:08","modified_gmt":"2025-09-27T15:44:08","slug":"lkmmo","status":"publish","type":"page","link":"https:\/\/www4352.vu.lt\/matematikos-olimpiados\/lkmmo\/","title":{"rendered":"LKMMO"},"content":{"rendered":"<p><i><b>Lietuvos komandin\u0117 mokini\u0173 matematikos olimpiada prof. Jono Kubiliaus taurei laim\u0117ti<\/b><\/i> rengiama kiekvien\u0173 met\u0173 ruden\u012f (paprastai \u2013 antroje rugs\u0117jo pus\u0117je, \u0161e\u0161tadien\u012f). Joje dalyvauja vyresni\u0173 klasi\u0173 mokini\u0173 komandos, atstovaujan\u010dios Lietuvos savivaldyb\u0117ms ar gimnazijoms. Komand\u0105 sudaro 5 mokiniai. Remiantis olimpiados rezultatais, mokiniai kvie\u010diami dalyvauti <a href=\"https:\/\/www4352.vu.lt\/matematikos-olimpiados\/atrankos\/\"><i><b> atrankoje<\/b><\/i><\/a> \u012f tarptautines\u00a0<strong>\u201eBaltijos kelio\u201c<\/strong> var\u017eybas.<\/p>\n<p><strong>Olimpiados nuostatai:<\/strong> <a href=\"https:\/\/www4352.vu.lt\/matematikos-olimpiados\/wp-content\/uploads\/2025\/05\/LKMMOnuostatai.pdf\">\u010dia<\/a>.<\/p>\n<p><i><b><img loading=\"lazy\" decoding=\"async\" class=\"alignnone wp-image-64\" src=\"https:\/\/www4352.vu.lt\/matematikos-olimpiados\/wp-content\/uploads\/2015\/11\/09_21.jpg\" alt=\"09_2\" width=\"442\" height=\"332\" srcset=\"https:\/\/www4352.vu.lt\/matematikos-olimpiados\/wp-content\/uploads\/2015\/11\/09_21.jpg 1200w, https:\/\/www4352.vu.lt\/matematikos-olimpiados\/wp-content\/uploads\/2015\/11\/09_21-300x225.jpg 300w, https:\/\/www4352.vu.lt\/matematikos-olimpiados\/wp-content\/uploads\/2015\/11\/09_21-1024x768.jpg 1024w, https:\/\/www4352.vu.lt\/matematikos-olimpiados\/wp-content\/uploads\/2015\/11\/09_21-768x576.jpg 768w\" sizes=\"auto, (max-width: 442px) 100vw, 442px\" \/><\/b><\/i><\/p>\n<p><i>Olimpiados u\u017edarymas, 2009 m. <b>Jaunesni mokiniai<\/b> gali dalyvauti <a href=\"https:\/\/mif.vu.lt\/matematikos-olimpiados\/?page_id=112\"><b>individualiose var\u017eybose<\/b><\/a>.<\/i><\/p>\n<p><strong>U\u017eduotys:<\/strong><\/p>\n<p><a href=\"https:\/\/www4352.vu.lt\/matematikos-olimpiados\/wp-content\/uploads\/2025\/09\/Komandine_2025.pdf\">2025 m.<\/a>\u00a0 \u00a0 \u00a0<a href=\"https:\/\/www4352.vu.lt\/matematikos-olimpiados\/wp-content\/uploads\/2024\/09\/Komandine_2024.pdf\">2024 m.<\/a>\u00a0 \u00a0 \u00a0<a href=\"https:\/\/www4352.vu.lt\/matematikos-olimpiados\/wp-content\/uploads\/2023\/10\/Komandine_2023.pdf\">2023 m.<\/a> \u00a0\u00a0 <a href=\"https:\/\/www4352.vu.lt\/matematikos-olimpiados\/wp-content\/uploads\/2022\/09\/Komandine_2022.pdf\">2022 m.<\/a>\u00a0 \u00a0 \u00a0<a href=\"https:\/\/www4352.vu.lt\/matematikos-olimpiados\/wp-content\/uploads\/2021\/10\/Komandine_2021.pdf\">2021 m.<\/a>\u00a0\u00a0 \u00a0 <a href=\"https:\/\/www4352.vu.lt\/matematikos-olimpiados\/wp-content\/uploads\/2019\/09\/Komandine_2019.pdf\">2019 m.<\/a>\u00a0 \u00a0 \u00a0<a href=\"https:\/\/www4352.vu.lt\/matematikos-olimpiados\/wp-content\/uploads\/2018\/09\/Komandine_2018.pdf\">2018 m.<\/a>\u00a0\u00a0\u00a0\u00a0 <a href=\"https:\/\/www4352.vu.lt\/matematikos-olimpiados\/wp-content\/uploads\/2015\/11\/Komandine_2017.pdf\">2017 m.<\/a>\u00a0\u00a0\u00a0\u00a0 <a href=\"https:\/\/www4352.vu.lt\/matematikos-olimpiados\/wp-content\/uploads\/2015\/11\/Komandine_2016.pdf\">2016 m.<\/a>\u00a0\u00a0\u00a0\u00a0 <span class=\"internal-link\"><a href=\"https:\/\/www4352.vu.lt\/matematikos-olimpiados\/wp-content\/uploads\/2015\/11\/Komandine_2015.pdf\">2015 m.<\/a>\u00a0\u00a0\u00a0\u00a0<a href=\"https:\/\/www4352.vu.lt\/matematikos-olimpiados\/wp-content\/uploads\/2015\/11\/Komandine_2014.pdf\">2014 m.<\/a> <\/span><span class=\"internal-link\">\u00a0 \u00a0 <a href=\"https:\/\/www4352.vu.lt\/matematikos-olimpiados\/wp-content\/uploads\/2015\/11\/Komandine_2013.pdf\">2013 m.<\/a> \u00a0\u00a0 <a href=\"https:\/\/www4352.vu.lt\/matematikos-olimpiados\/wp-content\/uploads\/2015\/11\/Komandine_2012.pdf\">2012 m.<\/a> \u00a0 \u00a0 <a href=\"https:\/\/www4352.vu.lt\/matematikos-olimpiados\/wp-content\/uploads\/2015\/11\/Komandine_2011.pdf\">2011 m.<\/a> \u00a0 \u00a0\u00a0<a href=\"https:\/\/www4352.vu.lt\/matematikos-olimpiados\/wp-content\/uploads\/2015\/11\/Komandine_2010.pdf\">2010 m.<\/a>\u00a0 \u00a0\u00a0 <a href=\"https:\/\/www4352.vu.lt\/matematikos-olimpiados\/wp-content\/uploads\/2015\/11\/Komandine_2009.pdf\">2009 m.<\/a>\u00a0\u00a0\u00a0\u00a0 <a href=\"https:\/\/www4352.vu.lt\/matematikos-olimpiados\/wp-content\/uploads\/2015\/11\/Komandine_2008.pdf\">2008 m.<\/a>\u00a0\u00a0\u00a0\u00a0<a href=\"https:\/\/www4352.vu.lt\/matematikos-olimpiados\/wp-content\/uploads\/2015\/11\/Komandine_2007.pdf\"> 2007 m.<\/a>\u00a0 \u00a0<\/span>\u00a0 <a href=\"https:\/\/www4352.vu.lt\/matematikos-olimpiados\/wp-content\/uploads\/2015\/11\/Komandine_2006.pdf\">2006 m.<\/a>\u00a0\u00a0\u00a0\u00a0 <a href=\"https:\/\/www4352.vu.lt\/matematikos-olimpiados\/wp-content\/uploads\/2015\/11\/Komandine_2005.pdf\">2005 m.<\/a>\u00a0\u00a0\u00a0\u00a0 <a href=\"https:\/\/www4352.vu.lt\/matematikos-olimpiados\/wp-content\/uploads\/2015\/11\/Komandine_2004.pdf\">2004 m.<\/a>\u00a0\u00a0\u00a0\u00a0 <a href=\"https:\/\/www4352.vu.lt\/matematikos-olimpiados\/wp-content\/uploads\/2015\/11\/Komandine_2003.pdf\">2003 m.<\/a>\u00a0\u00a0\u00a0\u00a0 <a href=\"https:\/\/www4352.vu.lt\/matematikos-olimpiados\/wp-content\/uploads\/2015\/11\/Komandine_2002.pdf\">2002 m.<\/a>\u00a0\u00a0\u00a0\u00a0 <a href=\"https:\/\/www4352.vu.lt\/matematikos-olimpiados\/wp-content\/uploads\/2015\/11\/Komandine_2001.pdf\">2001 m.<\/a>\u00a0\u00a0\u00a0\u00a0 <a href=\"https:\/\/www4352.vu.lt\/matematikos-olimpiados\/wp-content\/uploads\/2015\/11\/Komandine_8692.pdf\">1986-1992 m.<\/a><\/p>\n<p><span class=\"internal-link\"><span class=\"internal-link\"><span class=\"internal-link\"><span class=\"internal-link\"><span class=\"internal-link\"><span class=\"internal-link\"><strong>Rezultatai:<\/strong><\/span><\/span><\/span><\/span><\/span><\/span><\/p>\n<p><a href=\"https:\/\/www4352.vu.lt\/matematikos-olimpiados\/wp-content\/uploads\/2025\/09\/komrez_2025.pdf\">2025 m.<\/a>\u00a0 \u00a0 \u00a0<a href=\"https:\/\/www4352.vu.lt\/matematikos-olimpiados\/wp-content\/uploads\/2024\/09\/komrez_2024.pdf\">2024 m.<\/a>\u00a0 \u00a0 \u00a0<a href=\"https:\/\/www4352.vu.lt\/matematikos-olimpiados\/wp-content\/uploads\/2023\/10\/komrez_2023.pdf\">2023 m.<\/a>\u00a0 \u00a0 \u00a0<a href=\"https:\/\/www4352.vu.lt\/matematikos-olimpiados\/wp-content\/uploads\/2022\/09\/komrez_2022.pdf\">2022 m.<\/a>\u00a0 \u00a0 \u00a0<a href=\"https:\/\/www4352.vu.lt\/matematikos-olimpiados\/wp-content\/uploads\/2021\/10\/komrez_2021.pdf\">2021 m.<\/a>\u00a0 \u00a0 \u00a0<a href=\"https:\/\/www4352.vu.lt\/matematikos-olimpiados\/wp-content\/uploads\/2019\/09\/komrez_2019.pdf\">2019 m.<\/a>\u00a0\u00a0\u00a0\u00a0 <a href=\"https:\/\/www4352.vu.lt\/matematikos-olimpiados\/wp-content\/uploads\/2018\/09\/komrez_2018.pdf\">2018 m.<\/a>\u00a0\u00a0\u00a0\u00a0 <a href=\"https:\/\/www4352.vu.lt\/matematikos-olimpiados\/wp-content\/uploads\/2015\/11\/komrez_2017.pdf\">2017 m.<\/a>\u00a0\u00a0\u00a0\u00a0 <a href=\"https:\/\/www4352.vu.lt\/matematikos-olimpiados\/wp-content\/uploads\/2015\/11\/komrez_2016.pdf\">2016 m.<\/a> \u00a0\u00a0\u00a0<a href=\"https:\/\/www4352.vu.lt\/matematikos-olimpiados\/wp-content\/uploads\/2015\/11\/komrez_2015.pdf\"> 2015 m.<\/a>\u00a0\u00a0\u00a0\u00a0 <a href=\"https:\/\/www4352.vu.lt\/matematikos-olimpiados\/wp-content\/uploads\/2015\/11\/komrez_2014.pdf\">2014 m.<\/a>\u00a0\u00a0\u00a0\u00a0\u00a0<a href=\"https:\/\/www4352.vu.lt\/matematikos-olimpiados\/wp-content\/uploads\/2015\/11\/komrez_2013.pdf\"> 2013 m.<\/a>\u00a0\u00a0\u00a0\u00a0 <a href=\"https:\/\/www4352.vu.lt\/matematikos-olimpiados\/wp-content\/uploads\/2015\/11\/komrez_2012.pdf\">2012 m.<\/a> \u00a0\u00a0\u00a0 <a href=\"https:\/\/www4352.vu.lt\/matematikos-olimpiados\/wp-content\/uploads\/2015\/11\/komrez_2011.pdf\">2011 m.<\/a>\u00a0\u00a0\u00a0\u00a0 <a href=\"https:\/\/www4352.vu.lt\/matematikos-olimpiados\/wp-content\/uploads\/2015\/11\/komrez_2010.pdf\">2010 m.<\/a>\u00a0\u00a0\u00a0\u00a0 <a href=\"https:\/\/www4352.vu.lt\/matematikos-olimpiados\/wp-content\/uploads\/2015\/11\/komrez_2009.pdf\">2009 m.<\/a>\u00a0\u00a0\u00a0\u00a0 <a href=\"https:\/\/www4352.vu.lt\/matematikos-olimpiados\/wp-content\/uploads\/2015\/11\/komrez_2008.pdf\">2008 m.<\/a>\u00a0\u00a0\u00a0\u00a0 <a href=\"https:\/\/www4352.vu.lt\/matematikos-olimpiados\/wp-content\/uploads\/2015\/11\/komrez_2007.pdf\">2007 m.<\/a>\u00a0\u00a0\u00a0\u00a0 <a href=\"https:\/\/www4352.vu.lt\/matematikos-olimpiados\/wp-content\/uploads\/2015\/11\/komrez_2006.pdf\">2006 m.<\/a>\u00a0\u00a0\u00a0\u00a0 <a href=\"https:\/\/www4352.vu.lt\/matematikos-olimpiados\/wp-content\/uploads\/2015\/11\/komrez_2005.pdf\">2005 m.<\/a><\/p>\n<p><strong><span class=\"internal-link\"><span class=\"internal-link\"><span class=\"internal-link\"><span class=\"internal-link\"><span class=\"internal-link\"><span class=\"internal-link\">Sprendimai, u\u017eduotys, rezultatai:<\/span><\/span><\/span><\/span><\/span><\/span><\/strong><\/p>\n<p><span class=\"internal-link\"><span class=\"internal-link\"><span class=\"internal-link\"><span class=\"internal-link\"><span class=\"internal-link\"><span class=\"internal-link\"><a href=\"https:\/\/www4352.vu.lt\/matematikos-olimpiados\/wp-content\/uploads\/2025\/09\/Komandine_2025_s.pdf\">2025 m.<\/a>\u00a0 \u00a0 \u00a0<a href=\"https:\/\/www4352.vu.lt\/matematikos-olimpiados\/wp-content\/uploads\/2024\/09\/Komandine_2024_s.pdf\">2024 m.<\/a>\u00a0 \u00a0 \u00a0<a href=\"https:\/\/www4352.vu.lt\/matematikos-olimpiados\/wp-content\/uploads\/2023\/10\/Komandine_2023_s.pdf\">2023 m.<\/a> \u00a0 \u00a0 <a href=\"https:\/\/www4352.vu.lt\/matematikos-olimpiados\/wp-content\/uploads\/2022\/10\/Komandine_2022_s.pdf\">2022 m.<\/a> \u00a0\u00a0 <a href=\"https:\/\/www4352.vu.lt\/matematikos-olimpiados\/wp-content\/uploads\/2021\/10\/Komandine_2021_s.pdf\">2021 m.<\/a>\u00a0 \u00a0 \u00a0<a href=\"https:\/\/www4352.vu.lt\/matematikos-olimpiados\/wp-content\/uploads\/2019\/09\/Komandine_2019_s.pdf\">2019 m.<\/a>\u00a0\u00a0\u00a0\u00a0 <a href=\"https:\/\/www4352.vu.lt\/matematikos-olimpiados\/wp-content\/uploads\/2018\/09\/Komandine_2018_s.pdf\">2018 m.<\/a>\u00a0\u00a0\u00a0\u00a0 <a href=\"https:\/\/www4352.vu.lt\/matematikos-olimpiados\/wp-content\/uploads\/2015\/11\/Komandine_2017_s.pdf\">2017 m.<\/a>\u00a0\u00a0\u00a0\u00a0 <a href=\"https:\/\/www4352.vu.lt\/matematikos-olimpiados\/wp-content\/uploads\/2015\/11\/Komandine_2016_s.pdf\">2016 m.<\/a> \u00a0\u00a0\u00a0<a href=\"https:\/\/www4352.vu.lt\/matematikos-olimpiados\/wp-content\/uploads\/2015\/11\/Komandine_2015_s.pdf\"> 2015 m.<\/a>\u00a0 \u00a0\u00a0 <a href=\"https:\/\/www4352.vu.lt\/matematikos-olimpiados\/wp-content\/uploads\/2015\/11\/Komandine_2014_s.pdf\">2014 m.<\/a> \u00a0 \u00a0 <a href=\"https:\/\/www4352.vu.lt\/matematikos-olimpiados\/wp-content\/uploads\/2015\/11\/Komandine_2013_s.pdf\">2013 m.<\/a> \u00a0\u00a0\u00a0 <a href=\"https:\/\/www4352.vu.lt\/matematikos-olimpiados\/wp-content\/uploads\/2015\/11\/Komandine_2012_s.pdf\">2012 m.<\/a> \u00a0\u00a0\u00a0 <a href=\"http:\/\/mif.vu.lt\/matematikos-olimpiados\/wp-content\/uploads\/2023\/05\/Komandine_2004_s.pdf\">2004 m.<\/a>\u00a0\u00a0\u00a0 <a href=\"https:\/\/www4352.vu.lt\/matematikos-olimpiados\/wp-content\/uploads\/2015\/11\/Komadine_010203_s.pdf\">2003, 2002, 2001 m.<\/a>\u00a0\u00a0\u00a0\u00a0 <a href=\"https:\/\/www4352.vu.lt\/matematikos-olimpiados\/wp-content\/uploads\/2015\/11\/Komandine_9900_s.pdf\">2000, 1999 m.<\/a>\u00a0\u00a0\u00a0\u00a0<a href=\"https:\/\/www4352.vu.lt\/matematikos-olimpiados\/wp-content\/uploads\/2015\/11\/Komandine_9798_s.pdf\"> 1998, 1997 m.<\/a> <\/span><\/span><\/span><\/span><\/span><\/span><span class=\"internal-link\"><span class=\"internal-link\"><span class=\"internal-link\"><span class=\"internal-link\"><span class=\"internal-link\"><span class=\"internal-link\">\u00a0 \u00a0 <a href=\"https:\/\/www4352.vu.lt\/matematikos-olimpiados\/wp-content\/uploads\/2015\/11\/Komandine_1996_s.pdf\">1996 m.<\/a>\u00a0\u00a0\u00a0\u00a0 <a href=\"https:\/\/www4352.vu.lt\/matematikos-olimpiados\/wp-content\/uploads\/2015\/11\/Komandine_9495_s.pdf\">1995, 1994 m.<\/a>\u00a0\u00a0\u00a0\u00a0 <a href=\"https:\/\/www4352.vu.lt\/matematikos-olimpiados\/wp-content\/uploads\/2015\/11\/Komandine_1993_s.pdf\">1993 m.<\/a>\u00a0\u00a0\u00a0\u00a0 <a href=\"https:\/\/www4352.vu.lt\/matematikos-olimpiados\/wp-content\/uploads\/2015\/11\/Komandine_1992_s.pdf\">1992 m.<\/a>\u00a0\u00a0\u00a0\u00a0 <a href=\"https:\/\/www4352.vu.lt\/matematikos-olimpiados\/wp-content\/uploads\/2015\/11\/Komandine_1991_s.pdf\">1991 m.<\/a>\u00a0\u00a0\u00a0 <a href=\"https:\/\/www4352.vu.lt\/matematikos-olimpiados\/wp-content\/uploads\/2015\/11\/Komandine_8690_s.pdf\">1986-1990 m.<\/a><br \/>\n<\/span><\/span><\/span><\/span><\/span><\/span><\/p>\n<p><span class=\"internal-link\"><span class=\"internal-link\"><span class=\"internal-link\"><span class=\"internal-link\"><span class=\"internal-link\"><span class=\"internal-link\"><span class=\"internal-link\">Pasaulin\u0117s nacionalini\u0173 matematikos olimpiad\u0173 federacijos prezident\u0117s\u00a0<a href=\"https:\/\/www4352.vu.lt\/matematikos-olimpiados\/wp-content\/uploads\/2015\/11\/sveikinimas_08.pdf\">sveikinimas<\/a> (2008 m.)<\/span><\/span><\/span><\/span><\/span><\/span><\/span><\/p>\n","protected":false},"excerpt":{"rendered":"<p>Lietuvos komandin\u0117 mokini\u0173 matematikos olimpiada prof. Jono Kubiliaus taurei laim\u0117ti rengiama kiekvien\u0173 met\u0173 ruden\u012f (paprastai \u2013 antroje rugs\u0117jo pus\u0117je, \u0161e\u0161tadien\u012f). Joje dalyvauja vyresni\u0173 klasi\u0173 mokini\u0173 komandos, atstovaujan\u010dios Lietuvos savivaldyb\u0117ms ar gimnazijoms. Komand\u0105 sudaro 5 mokiniai. Remiantis olimpiados rezultatais, mokiniai kvie\u010diami dalyvauti atrankoje \u012f tarptautines\u00a0\u201eBaltijos kelio\u201c var\u017eybas. Olimpiados nuostatai: \u010dia. Olimpiados u\u017edarymas, 2009 m. Jaunesni mokiniai [&hellip;]<\/p>\n","protected":false},"author":3,"featured_media":0,"parent":0,"menu_order":0,"comment_status":"closed","ping_status":"closed","template":"","meta":{"footnotes":""},"class_list":["post-58","page","type-page","status-publish","hentry"],"_links":{"self":[{"href":"https:\/\/www4352.vu.lt\/matematikos-olimpiados\/wp-json\/wp\/v2\/pages\/58","targetHints":{"allow":["GET"]}}],"collection":[{"href":"https:\/\/www4352.vu.lt\/matematikos-olimpiados\/wp-json\/wp\/v2\/pages"}],"about":[{"href":"https:\/\/www4352.vu.lt\/matematikos-olimpiados\/wp-json\/wp\/v2\/types\/page"}],"author":[{"embeddable":true,"href":"https:\/\/www4352.vu.lt\/matematikos-olimpiados\/wp-json\/wp\/v2\/users\/3"}],"replies":[{"embeddable":true,"href":"https:\/\/www4352.vu.lt\/matematikos-olimpiados\/wp-json\/wp\/v2\/comments?post=58"}],"version-history":[{"count":23,"href":"https:\/\/www4352.vu.lt\/matematikos-olimpiados\/wp-json\/wp\/v2\/pages\/58\/revisions"}],"predecessor-version":[{"id":2024,"href":"https:\/\/www4352.vu.lt\/matematikos-olimpiados\/wp-json\/wp\/v2\/pages\/58\/revisions\/2024"}],"wp:attachment":[{"href":"https:\/\/www4352.vu.lt\/matematikos-olimpiados\/wp-json\/wp\/v2\/media?parent=58"}],"curies":[{"name":"wp","href":"https:\/\/api.w.org\/{rel}","templated":true}]}}